{"id":7572,"date":"2026-04-15T18:07:29","date_gmt":"2026-04-15T18:07:29","guid":{"rendered":"https:\/\/dorelay-staging.roakon.cloud\/?post_type=product&#038;p=7572"},"modified":"2026-04-16T10:20:27","modified_gmt":"2026-04-16T10:20:27","slug":"orakeljske-karte-varuhi-zavesti-31-gratis-zbirateljski-paket","status":"publish","type":"product","link":"https:\/\/tjasadorelay.com\/sl\/izdelek\/orakeljske-karte-varuhi-zavesti-31-gratis-zbirateljski-paket\/","title":{"rendered":"Orakeljske karte VARUHI ZAVESTI (3+1 gratis) \u2013 zbirateljski paket"},"content":{"rendered":"<h4 style=\"text-align: center;\">Kreacija top \u017eivljenja se zgodi, ko \u017eivi\u0161 v <strong>jasnosti<\/strong> in<strong> visoki vibraciji.<\/strong><\/h4>\n<p>&nbsp;<\/p>\n<h4 style=\"text-align: center;\"><strong>To v tvoje polje sidrajo VARUHI ZAVESTI.<\/strong><\/h4>\n<p style=\"text-align: center;\">Varuhi zavesti so mo\u010dni <strong>duhovni vodniki, ki iz celestiala sidrajo zavest,<\/strong> ki je tvoji du\u0161i poznana \u017ee od nekdaj, zdaj pa si tu, da to modrost ponovno obudi\u0161 in za\u017eivi\u0161.<\/p>\n<p style=\"text-align: center;\">In sedaj lahko vsakodnevno z njimi sodeluje\u0161 tudi ti!<\/p>\n<p>&nbsp;<\/p>\n<h4 style=\"text-align: center;\">V prenovljenem in energijsko izjemno mo\u010dnem kompletu orakeljskih kart VARUHI ZAVESTI najde\u0161:<\/h4>\n<p>&nbsp;<\/p>\n<h5 style=\"text-align: center;\">\u2728 <strong>100 kanaliziranih orakeljskih kart<\/strong> (ki nosijo odgovore na vsa tvoja vpra\u0161anja!)<\/h5>\n<h5 style=\"text-align: center;\">\u2728 <strong>knji\u017eico z usmeritvami za uporabo orakeljskih kart<\/strong> + opisi vseh Varuhov zavesti<\/h5>\n<h5 style=\"text-align: center;\">\u2728 <strong>nove energijske slike<\/strong> vseh nadangelov, boginj, zmajev in samorogov<\/h5>\n<p>&nbsp;<\/p>\n<p><img fetchpriority=\"high\" decoding=\"async\" class=\"wp-image-7002 aligncenter\" src=\"https:\/\/tjasadorelay.com\/wp-content\/uploads\/2026\/04\/LiparDesignPhotography-01551.jpg\" alt=\"\" width=\"781\" height=\"520\" srcset=\"https:\/\/tjasadorelay.com\/wp-content\/uploads\/2026\/04\/LiparDesignPhotography-01551.jpg 2048w, https:\/\/tjasadorelay.com\/wp-content\/uploads\/2026\/04\/LiparDesignPhotography-01551-300x200.jpg 300w, https:\/\/tjasadorelay.com\/wp-content\/uploads\/2026\/04\/LiparDesignPhotography-01551-1024x683.jpg 1024w, https:\/\/tjasadorelay.com\/wp-content\/uploads\/2026\/04\/LiparDesignPhotography-01551-768x512.jpg 768w, https:\/\/tjasadorelay.com\/wp-content\/uploads\/2026\/04\/LiparDesignPhotography-01551-1536x1024.jpg 1536w, https:\/\/tjasadorelay.com\/wp-content\/uploads\/2026\/04\/LiparDesignPhotography-01551-600x400.jpg 600w\" sizes=\"(max-width: 781px) 100vw, 781px\" \/><\/p>\n<p>&nbsp;<\/p>\n<p>&nbsp;<\/p>\n<p style=\"text-align: center;\"><strong>Vsaka orakeljska karta nosi kanalizirano sporo\u010dilo,<\/strong> konkretno zavest, ki ti prinese jasnost, ko v \u017eivljenju potrebuje\u0161 vodstvo in<strong> i\u0161\u010de\u0161 odgovore<\/strong> na svoja \u017eivljenjska vpra\u0161anja (o odnosih, obilju, slu\u017ebi, zdravju, partnerstvu &#8230;).<\/p>\n<p style=\"text-align: center;\">Energijska slika na kartah pa v tvoje vibracijsko polje sidra energijo posameznega VARUHA ZAVESTI, da je manifestacija \u017eelene realnosti \u0161e lahkotnej\u0161a.<\/p>\n<h4 style=\"text-align: center;\">\ud83c\udf1f<\/h4>\n<h4 style=\"text-align: center;\">Ko i\u0161\u010de\u0161 <strong>odgovor na svoje vpra\u0161anje<\/strong>, potrebuje\u0161 <strong>usmeritev za \u017eivljenje<\/strong> in ko \u017eeli\u0161 vedeti, kaj ti tvoje <strong>duhovno vodstvo sporo\u010da<\/strong>, so orakeljske karte VARUHI ZAVESTI pravi odgovor zate!<\/h4>\n<h4 style=\"text-align: center;\">\ud83c\udf1f<\/h4>\n<h4 style=\"text-align: center;\">\u00a0<img decoding=\"async\" class=\"emoji\" role=\"img\" draggable=\"false\" src=\"https:\/\/s.w.org\/images\/core\/emoji\/17.0.2\/svg\/27a1.svg\" alt=\"\u27a1\ufe0f\" \/> Zagotovi si ta<strong> EKSKLUZIVNI ZBIRATELJSKI PAKET,\u00a0 3+1 gratis,<\/strong> v katerem prejme\u0161 <strong>tri prenovljene komplete orakeljskih kart VARUHI ZAVESTI<\/strong>, kot <strong>darilo pa \u0161e prvo, originalno izdajo VARUHOV ZAVESTI <\/strong>\u2013 <em>podpisano s strani Tja\u0161e Dorelay<\/em>.<\/h4>\n<p>&nbsp;<\/p>\n<p style=\"text-align: center;\">To je dragocen zbirateljski kos, ki ga ni ve\u010d mogo\u010de kupiti in je na voljo samo tukaj in samo zdaj.<\/p>\n<p>&nbsp;<\/p>\n<h4><\/h4>\n<p><img decoding=\"async\" class=\"wp-image-7575 aligncenter\" src=\"https:\/\/tjasadorelay.com\/wp-content\/uploads\/2026\/04\/LiparDesignPhotography-01700-1-scaled-e1776277040974.jpg\" alt=\"\" width=\"415\" height=\"532\" srcset=\"https:\/\/tjasadorelay.com\/wp-content\/uploads\/2026\/04\/LiparDesignPhotography-01700-1-scaled-e1776277040974.jpg 1702w, https:\/\/tjasadorelay.com\/wp-content\/uploads\/2026\/04\/LiparDesignPhotography-01700-1-scaled-e1776277040974-234x300.jpg 234w, https:\/\/tjasadorelay.com\/wp-content\/uploads\/2026\/04\/LiparDesignPhotography-01700-1-scaled-e1776277040974-799x1024.jpg 799w, https:\/\/tjasadorelay.com\/wp-content\/uploads\/2026\/04\/LiparDesignPhotography-01700-1-scaled-e1776277040974-768x984.jpg 768w, https:\/\/tjasadorelay.com\/wp-content\/uploads\/2026\/04\/LiparDesignPhotography-01700-1-scaled-e1776277040974-1199x1536.jpg 1199w, https:\/\/tjasadorelay.com\/wp-content\/uploads\/2026\/04\/LiparDesignPhotography-01700-1-scaled-e1776277040974-1599x2048.jpg 1599w, https:\/\/tjasadorelay.com\/wp-content\/uploads\/2026\/04\/LiparDesignPhotography-01700-1-scaled-e1776277040974-600x769.jpg 600w\" sizes=\"(max-width: 415px) 100vw, 415px\" \/><\/p>\n<h4><\/h4>\n<h4 style=\"text-align: center;\">Si \u017eeli\u0161, da sodelovanje z VARUHI ZAVESTI postane tvoja redna duhovna praksa za dvig tvoje zavesti in vibracije?<\/h4>\n<h4 style=\"text-align: center;\">Zagotovi si <strong>\u010disto nov, prenovljen komplet orakeljskih kart VARUHI ZAVESTI<\/strong> zdaj!<\/h4>\n","protected":false},"excerpt":{"rendered":"<h4>I\u0161\u010de\u0161 odgovor na svoje vpra\u0161anje?<\/h4>\n<p>Potrebuje\u0161 usmeritev za \u017eivljenje? \u017deli\u0161 vedeti, kaj ti tvoje duhovno vodstvo prav zdaj sporo\u010da?<\/p>\n<p><strong>\u2728 Orakeljske karte VARUHI ZAVESTI so tukaj zate, da ti predajo jasnost za kreacijo tvojega top \u017eivljenja. \u2728<\/strong><\/p>\n<p>V tem <strong data-start=\"560\" data-end=\"608\">ekskluzivnem zbirateljskem paketu 3+1 gratis<\/strong> prejme\u0161 <strong data-start=\"617\" data-end=\"677\">tri prenovljene komplete orakeljskih kart VARUHI ZAVESTI<\/strong>, kot darilo pa \u0161e <strong data-start=\"696\" data-end=\"739\">prvo, originalno izdajo VARUHOV ZAVESTI<\/strong> \u2013 podpisano s strani <strong data-start=\"761\" data-end=\"778\">Tja\u0161e Dorelay<\/strong>. To je dragocen <strong data-start=\"789\" data-end=\"809\">zbirateljski kos<\/strong>, ki ga ni ve\u010d mogo\u010de kupiti in je na voljo <strong data-start=\"853\" data-end=\"880\">samo tukaj in samo zdaj<\/strong>.<\/p>\n<p>&nbsp;<\/p>\n<p><strong><img decoding=\"async\" class=\"emoji\" role=\"img\" draggable=\"false\" src=\"https:\/\/s.w.org\/images\/core\/emoji\/17.0.2\/svg\/27a1.svg\" alt=\"\u27a1\ufe0f\" \/> <\/strong>Zagotovi si ta <strong>EKSKLUZIVNI ZBIRATELJSKI PAKET \u0161e danes!<\/strong><\/p>\n<p><em>(Zaloga zbirateljskih paketov je mo\u010dno omejena, zato ne zamudi te izjemne prilo\u017enosti!)<\/em><\/p>\n","protected":false},"featured_media":7006,"comment_status":"open","ping_status":"closed","template":"","meta":{"_acf_changed":false},"product_brand":[],"product_cat":[51],"product_tag":[],"class_list":{"0":"post-7572","1":"product","2":"type-product","3":"status-publish","4":"has-post-thumbnail","6":"product_cat-izdelki","8":"first","9":"instock","10":"taxable","11":"shipping-taxable","12":"purchasable","13":"product-type-simple"},"acf":[],"yoast_head":"<!-- This site is optimized with the Yoast SEO plugin v27.3 - https:\/\/yoast.com\/product\/yoast-seo-wordpress\/ -->\n<title>Orakeljske karte VARUHI ZAVESTI (3+1 gratis) - zbirateljski paket - Ime bloga<\/title>\n<meta name=\"robots\" content=\"noindex, follow, max-snippet:-1, max-image-preview:large, max-video-preview:-1\" \/>\n<meta property=\"og:locale\" content=\"sl_SI\" \/>\n<meta property=\"og:type\" content=\"article\" \/>\n<meta property=\"og:title\" content=\"Orakeljske karte VARUHI ZAVESTI (3+1 gratis) - zbirateljski paket - Ime bloga\" \/>\n<meta property=\"og:description\" content=\"I\u0161\u010de\u0161 odgovor na svoje vpra\u0161anje? Potrebuje\u0161 usmeritev za \u017eivljenje? \u017deli\u0161 vedeti, kaj ti tvoje duhovno vodstvo prav zdaj sporo\u010da?  \u2728 Orakeljske karte VARUHI ZAVESTI so tukaj zate, da ti predajo jasnost za kreacijo tvojega top \u017eivljenja. \u2728  V tem ekskluzivnem zbirateljskem paketu 3+1 gratis prejme\u0161 tri prenovljene komplete orakeljskih kart VARUHI ZAVESTI, kot darilo pa \u0161e prvo, originalno izdajo VARUHOV ZAVESTI \u2013 podpisano s strani Tja\u0161e Dorelay. To je dragocen zbirateljski kos, ki ga ni ve\u010d mogo\u010de kupiti in je na voljo samo tukaj in samo zdaj.  &nbsp;   Zagotovi si ta EKSKLUZIVNI ZBIRATELJSKI PAKET \u0161e danes!  (Zaloga zbirateljskih paketov je mo\u010dno omejena, zato ne zamudi te izjemne prilo\u017enosti!)\" \/>\n<meta property=\"og:url\" content=\"https:\/\/tjasadorelay.com\/sl\/izdelek\/orakeljske-karte-varuhi-zavesti-31-gratis-zbirateljski-paket\/\" \/>\n<meta property=\"og:site_name\" content=\"Ime bloga\" \/>\n<meta property=\"article:modified_time\" content=\"2026-04-16T10:20:27+00:00\" \/>\n<meta property=\"og:image\" content=\"https:\/\/tjasadorelay.com\/wp-content\/uploads\/2026\/04\/LiparDesignPhotography-01716-scaled-e1776276562439.jpg\" \/>\n\t<meta property=\"og:image:width\" content=\"1707\" \/>\n\t<meta property=\"og:image:height\" content=\"1707\" \/>\n\t<meta property=\"og:image:type\" content=\"image\/jpeg\" \/>\n<meta name=\"twitter:card\" content=\"summary_large_image\" \/>\n<meta name=\"twitter:label1\" content=\"Est. reading time\" \/>\n\t<meta name=\"twitter:data1\" content=\"2 minuti\" \/>\n<script type=\"application\/ld+json\" class=\"yoast-schema-graph\">{\"@context\":\"https:\\\/\\\/schema.org\",\"@graph\":[{\"@type\":\"WebPage\",\"@id\":\"https:\\\/\\\/tjasadorelay.com\\\/sl\\\/izdelek\\\/orakeljske-karte-varuhi-zavesti-31-gratis-zbirateljski-paket\\\/\",\"url\":\"https:\\\/\\\/tjasadorelay.com\\\/sl\\\/izdelek\\\/orakeljske-karte-varuhi-zavesti-31-gratis-zbirateljski-paket\\\/\",\"name\":\"Orakeljske karte VARUHI ZAVESTI (3+1 gratis) - zbirateljski paket - Ime bloga\",\"isPartOf\":{\"@id\":\"https:\\\/\\\/tjasadorelay.com\\\/#website\"},\"primaryImageOfPage\":{\"@id\":\"https:\\\/\\\/tjasadorelay.com\\\/sl\\\/izdelek\\\/orakeljske-karte-varuhi-zavesti-31-gratis-zbirateljski-paket\\\/#primaryimage\"},\"image\":{\"@id\":\"https:\\\/\\\/tjasadorelay.com\\\/sl\\\/izdelek\\\/orakeljske-karte-varuhi-zavesti-31-gratis-zbirateljski-paket\\\/#primaryimage\"},\"thumbnailUrl\":\"https:\\\/\\\/tjasadorelay.com\\\/wp-content\\\/uploads\\\/2026\\\/04\\\/LiparDesignPhotography-01716-scaled-e1776276562439.jpg\",\"datePublished\":\"2026-04-15T18:07:29+00:00\",\"dateModified\":\"2026-04-16T10:20:27+00:00\",\"breadcrumb\":{\"@id\":\"https:\\\/\\\/tjasadorelay.com\\\/sl\\\/izdelek\\\/orakeljske-karte-varuhi-zavesti-31-gratis-zbirateljski-paket\\\/#breadcrumb\"},\"inLanguage\":\"sl-SI\",\"potentialAction\":[{\"@type\":\"ReadAction\",\"target\":[\"https:\\\/\\\/tjasadorelay.com\\\/sl\\\/izdelek\\\/orakeljske-karte-varuhi-zavesti-31-gratis-zbirateljski-paket\\\/\"]}]},{\"@type\":\"ImageObject\",\"inLanguage\":\"sl-SI\",\"@id\":\"https:\\\/\\\/tjasadorelay.com\\\/sl\\\/izdelek\\\/orakeljske-karte-varuhi-zavesti-31-gratis-zbirateljski-paket\\\/#primaryimage\",\"url\":\"https:\\\/\\\/tjasadorelay.com\\\/wp-content\\\/uploads\\\/2026\\\/04\\\/LiparDesignPhotography-01716-scaled-e1776276562439.jpg\",\"contentUrl\":\"https:\\\/\\\/tjasadorelay.com\\\/wp-content\\\/uploads\\\/2026\\\/04\\\/LiparDesignPhotography-01716-scaled-e1776276562439.jpg\",\"width\":1707,\"height\":1707},{\"@type\":\"BreadcrumbList\",\"@id\":\"https:\\\/\\\/tjasadorelay.com\\\/sl\\\/izdelek\\\/orakeljske-karte-varuhi-zavesti-31-gratis-zbirateljski-paket\\\/#breadcrumb\",\"itemListElement\":[{\"@type\":\"ListItem\",\"position\":1,\"name\":\"Home\",\"item\":\"https:\\\/\\\/tjasadorelay.com\\\/sl\\\/\"},{\"@type\":\"ListItem\",\"position\":2,\"name\":\"Trgovina\",\"item\":\"https:\\\/\\\/tjasadorelay.com\\\/sl\\\/?page_id=6950\"},{\"@type\":\"ListItem\",\"position\":3,\"name\":\"Orakeljske karte VARUHI ZAVESTI (3+1 gratis) \u2013 zbirateljski paket\"}]},{\"@type\":\"WebSite\",\"@id\":\"https:\\\/\\\/tjasadorelay.com\\\/#website\",\"url\":\"https:\\\/\\\/tjasadorelay.com\\\/\",\"name\":\"Tja\u0161a Dorelay\",\"description\":\"\",\"publisher\":{\"@id\":\"https:\\\/\\\/tjasadorelay.com\\\/#organization\"},\"potentialAction\":[{\"@type\":\"SearchAction\",\"target\":{\"@type\":\"EntryPoint\",\"urlTemplate\":\"https:\\\/\\\/tjasadorelay.com\\\/?s={search_term_string}\"},\"query-input\":{\"@type\":\"PropertyValueSpecification\",\"valueRequired\":true,\"valueName\":\"search_term_string\"}}],\"inLanguage\":\"sl-SI\"},{\"@type\":\"Organization\",\"@id\":\"https:\\\/\\\/tjasadorelay.com\\\/#organization\",\"name\":\"Tja\u0161a Dorelay\",\"url\":\"https:\\\/\\\/tjasadorelay.com\\\/\",\"logo\":{\"@type\":\"ImageObject\",\"inLanguage\":\"sl-SI\",\"@id\":\"https:\\\/\\\/tjasadorelay.com\\\/#\\\/schema\\\/logo\\\/image\\\/\",\"url\":\"https:\\\/\\\/tjasadorelay.com\\\/wp-content\\\/uploads\\\/2026\\\/03\\\/cropped-Favicon-1.png\",\"contentUrl\":\"https:\\\/\\\/tjasadorelay.com\\\/wp-content\\\/uploads\\\/2026\\\/03\\\/cropped-Favicon-1.png\",\"width\":512,\"height\":512,\"caption\":\"Tja\u0161a Dorelay\"},\"image\":{\"@id\":\"https:\\\/\\\/tjasadorelay.com\\\/#\\\/schema\\\/logo\\\/image\\\/\"}}]}<\/script>\n<!-- \/ Yoast SEO plugin. -->","yoast_head_json":{"title":"Orakeljske karte VARUHI ZAVESTI (3+1 gratis) - zbirateljski paket - Ime bloga","robots":{"index":"noindex","follow":"follow","max-snippet":"max-snippet:-1","max-image-preview":"max-image-preview:large","max-video-preview":"max-video-preview:-1"},"og_locale":"sl_SI","og_type":"article","og_title":"Orakeljske karte VARUHI ZAVESTI (3+1 gratis) - zbirateljski paket - Ime bloga","og_description":"I\u0161\u010de\u0161 odgovor na svoje vpra\u0161anje? Potrebuje\u0161 usmeritev za \u017eivljenje? \u017deli\u0161 vedeti, kaj ti tvoje duhovno vodstvo prav zdaj sporo\u010da?  \u2728 Orakeljske karte VARUHI ZAVESTI so tukaj zate, da ti predajo jasnost za kreacijo tvojega top \u017eivljenja. \u2728  V tem ekskluzivnem zbirateljskem paketu 3+1 gratis prejme\u0161 tri prenovljene komplete orakeljskih kart VARUHI ZAVESTI, kot darilo pa \u0161e prvo, originalno izdajo VARUHOV ZAVESTI \u2013 podpisano s strani Tja\u0161e Dorelay. To je dragocen zbirateljski kos, ki ga ni ve\u010d mogo\u010de kupiti in je na voljo samo tukaj in samo zdaj.  &nbsp;   Zagotovi si ta EKSKLUZIVNI ZBIRATELJSKI PAKET \u0161e danes!  (Zaloga zbirateljskih paketov je mo\u010dno omejena, zato ne zamudi te izjemne prilo\u017enosti!)","og_url":"https:\/\/tjasadorelay.com\/sl\/izdelek\/orakeljske-karte-varuhi-zavesti-31-gratis-zbirateljski-paket\/","og_site_name":"Ime bloga","article_modified_time":"2026-04-16T10:20:27+00:00","og_image":[{"width":1707,"height":1707,"url":"https:\/\/tjasadorelay.com\/wp-content\/uploads\/2026\/04\/LiparDesignPhotography-01716-scaled-e1776276562439.jpg","type":"image\/jpeg"}],"twitter_card":"summary_large_image","twitter_misc":{"Est. reading time":"2 minuti"},"schema":{"@context":"https:\/\/schema.org","@graph":[{"@type":"WebPage","@id":"https:\/\/tjasadorelay.com\/sl\/izdelek\/orakeljske-karte-varuhi-zavesti-31-gratis-zbirateljski-paket\/","url":"https:\/\/tjasadorelay.com\/sl\/izdelek\/orakeljske-karte-varuhi-zavesti-31-gratis-zbirateljski-paket\/","name":"Orakeljske karte VARUHI ZAVESTI (3+1 gratis) - zbirateljski paket - Ime bloga","isPartOf":{"@id":"https:\/\/tjasadorelay.com\/#website"},"primaryImageOfPage":{"@id":"https:\/\/tjasadorelay.com\/sl\/izdelek\/orakeljske-karte-varuhi-zavesti-31-gratis-zbirateljski-paket\/#primaryimage"},"image":{"@id":"https:\/\/tjasadorelay.com\/sl\/izdelek\/orakeljske-karte-varuhi-zavesti-31-gratis-zbirateljski-paket\/#primaryimage"},"thumbnailUrl":"https:\/\/tjasadorelay.com\/wp-content\/uploads\/2026\/04\/LiparDesignPhotography-01716-scaled-e1776276562439.jpg","datePublished":"2026-04-15T18:07:29+00:00","dateModified":"2026-04-16T10:20:27+00:00","breadcrumb":{"@id":"https:\/\/tjasadorelay.com\/sl\/izdelek\/orakeljske-karte-varuhi-zavesti-31-gratis-zbirateljski-paket\/#breadcrumb"},"inLanguage":"sl-SI","potentialAction":[{"@type":"ReadAction","target":["https:\/\/tjasadorelay.com\/sl\/izdelek\/orakeljske-karte-varuhi-zavesti-31-gratis-zbirateljski-paket\/"]}]},{"@type":"ImageObject","inLanguage":"sl-SI","@id":"https:\/\/tjasadorelay.com\/sl\/izdelek\/orakeljske-karte-varuhi-zavesti-31-gratis-zbirateljski-paket\/#primaryimage","url":"https:\/\/tjasadorelay.com\/wp-content\/uploads\/2026\/04\/LiparDesignPhotography-01716-scaled-e1776276562439.jpg","contentUrl":"https:\/\/tjasadorelay.com\/wp-content\/uploads\/2026\/04\/LiparDesignPhotography-01716-scaled-e1776276562439.jpg","width":1707,"height":1707},{"@type":"BreadcrumbList","@id":"https:\/\/tjasadorelay.com\/sl\/izdelek\/orakeljske-karte-varuhi-zavesti-31-gratis-zbirateljski-paket\/#breadcrumb","itemListElement":[{"@type":"ListItem","position":1,"name":"Home","item":"https:\/\/tjasadorelay.com\/sl\/"},{"@type":"ListItem","position":2,"name":"Trgovina","item":"https:\/\/tjasadorelay.com\/sl\/?page_id=6950"},{"@type":"ListItem","position":3,"name":"Orakeljske karte VARUHI ZAVESTI (3+1 gratis) \u2013 zbirateljski paket"}]},{"@type":"WebSite","@id":"https:\/\/tjasadorelay.com\/#website","url":"https:\/\/tjasadorelay.com\/","name":"Tja\u0161a Dorelay","description":"","publisher":{"@id":"https:\/\/tjasadorelay.com\/#organization"},"potentialAction":[{"@type":"SearchAction","target":{"@type":"EntryPoint","urlTemplate":"https:\/\/tjasadorelay.com\/?s={search_term_string}"},"query-input":{"@type":"PropertyValueSpecification","valueRequired":true,"valueName":"search_term_string"}}],"inLanguage":"sl-SI"},{"@type":"Organization","@id":"https:\/\/tjasadorelay.com\/#organization","name":"Tja\u0161a Dorelay","url":"https:\/\/tjasadorelay.com\/","logo":{"@type":"ImageObject","inLanguage":"sl-SI","@id":"https:\/\/tjasadorelay.com\/#\/schema\/logo\/image\/","url":"https:\/\/tjasadorelay.com\/wp-content\/uploads\/2026\/03\/cropped-Favicon-1.png","contentUrl":"https:\/\/tjasadorelay.com\/wp-content\/uploads\/2026\/03\/cropped-Favicon-1.png","width":512,"height":512,"caption":"Tja\u0161a Dorelay"},"image":{"@id":"https:\/\/tjasadorelay.com\/#\/schema\/logo\/image\/"}}]}},"_links":{"self":[{"href":"https:\/\/tjasadorelay.com\/sl\/wp-json\/wp\/v2\/product\/7572","targetHints":{"allow":["GET"]}}],"collection":[{"href":"https:\/\/tjasadorelay.com\/sl\/wp-json\/wp\/v2\/product"}],"about":[{"href":"https:\/\/tjasadorelay.com\/sl\/wp-json\/wp\/v2\/types\/product"}],"replies":[{"embeddable":true,"href":"https:\/\/tjasadorelay.com\/sl\/wp-json\/wp\/v2\/comments?post=7572"}],"wp:featuredmedia":[{"embeddable":true,"href":"https:\/\/tjasadorelay.com\/sl\/wp-json\/wp\/v2\/media\/7006"}],"wp:attachment":[{"href":"https:\/\/tjasadorelay.com\/sl\/wp-json\/wp\/v2\/media?parent=7572"}],"wp:term":[{"taxonomy":"product_brand","embeddable":true,"href":"https:\/\/tjasadorelay.com\/sl\/wp-json\/wp\/v2\/product_brand?post=7572"},{"taxonomy":"product_cat","embeddable":true,"href":"https:\/\/tjasadorelay.com\/sl\/wp-json\/wp\/v2\/product_cat?post=7572"},{"taxonomy":"product_tag","embeddable":true,"href":"https:\/\/tjasadorelay.com\/sl\/wp-json\/wp\/v2\/product_tag?post=7572"}],"curies":[{"name":"wp","href":"https:\/\/api.w.org\/{rel}","templated":true}]}}