{"id":6524,"date":"2026-03-19T05:40:50","date_gmt":"2026-03-19T05:40:50","guid":{"rendered":"https:\/\/dorelay-staging.roakon.cloud\/ogled-dokumentarca\/"},"modified":"2026-04-16T18:09:02","modified_gmt":"2026-04-16T18:09:02","slug":"dokumentarni-film","status":"publish","type":"page","link":"https:\/\/tjasadorelay.com\/sl\/dokumentarni-film\/","title":{"rendered":"Ogled dokumentarca"},"content":{"rendered":"\t\t<div data-elementor-type=\"wp-page\" data-elementor-id=\"6524\" class=\"elementor elementor-6524 elementor-4660\" data-elementor-post-type=\"page\">\n\t\t\t\t<div class=\"elementor-element elementor-element-1742891 e-con-full e-flex e-con e-parent\" data-id=\"1742891\" data-element_type=\"container\" data-e-type=\"container\">\n\t\t\t\t<div class=\"elementor-element elementor-element-c15b3dc heroVideo elementor-widget__width-inherit elementor-widget elementor-widget-video\" data-id=\"c15b3dc\" data-element_type=\"widget\" data-e-type=\"widget\" data-settings=\"{&quot;video_type&quot;:&quot;hosted&quot;,&quot;autoplay&quot;:&quot;yes&quot;,&quot;play_on_mobile&quot;:&quot;yes&quot;,&quot;loop&quot;:&quot;yes&quot;,&quot;mute&quot;:&quot;yes&quot;,&quot;controls&quot;:&quot;yes&quot;}\" data-widget_type=\"video.default\">\n\t\t\t\t<div class=\"elementor-widget-container\">\n\t\t\t\t\t\t\t<div class=\"e-hosted-video elementor-wrapper elementor-open-inline\">\n\t\t\t\t\t<video class=\"elementor-video\" src=\"https:\/\/tjasadorelay.com\/wp-content\/uploads\/2026\/04\/Celestial-Channeling-documentary_napovednik_TjasaDorelay_podnapisi-1.mp4\" autoplay=\"\" loop=\"\" controls=\"\" muted=\"muted\" playsinline=\"\" controlsList=\"nodownload\"><\/video>\n\t\t\t\t<\/div>\n\t\t\t\t\t\t<\/div>\n\t\t\t\t<\/div>\n\t\t\t\t<\/div>\n\t\t<div class=\"elementor-element elementor-element-d9efe42 e-flex e-con-boxed e-con e-parent\" data-id=\"d9efe42\" data-element_type=\"container\" data-e-type=\"container\">\n\t\t\t\t\t<div class=\"e-con-inner\">\n\t\t<div class=\"elementor-element elementor-element-41b09c0 e-con-full e-flex e-con e-child\" data-id=\"41b09c0\" data-element_type=\"container\" data-e-type=\"container\">\n\t\t\t\t<div class=\"elementor-element elementor-element-6b2fa2b elementor-widget elementor-widget-text-editor\" data-id=\"6b2fa2b\" data-element_type=\"widget\" data-e-type=\"widget\" data-widget_type=\"text-editor.default\">\n\t\t\t\t<div class=\"elementor-widget-container\">\n\t\t\t\t\t\t\t\t\t<p>Dokumentarni film o \u017eivljenju pravega medija<\/p>\t\t\t\t\t\t\t\t<\/div>\n\t\t\t\t<\/div>\n\t\t\t\t<\/div>\n\t\t<div class=\"elementor-element elementor-element-8bc116e e-con-full e-flex e-con e-child\" data-id=\"8bc116e\" data-element_type=\"container\" data-e-type=\"container\">\n\t\t\t\t<div class=\"elementor-element elementor-element-25985bb elementor-align-right elementor-widget-mobile__width-inherit elementor-widget__width-auto elementor-widget elementor-widget-button\" data-id=\"25985bb\" data-element_type=\"widget\" data-e-type=\"widget\" data-widget_type=\"button.default\">\n\t\t\t\t<div class=\"elementor-widget-container\">\n\t\t\t\t\t\t\t\t\t<div class=\"elementor-button-wrapper\">\n\t\t\t\t\t<a class=\"elementor-button elementor-button-link elementor-size-sm\" href=\"#elementor-action%3Aaction%3Dpopup%3Aopen%26settings%3DeyJpZCI6NTQyNSwidG9nZ2xlIjpmYWxzZX0%3D\">\n\t\t\t\t\t\t<span class=\"elementor-button-content-wrapper\">\n\t\t\t\t\t\t\t\t\t<span class=\"elementor-button-text\">Oglej si dokumentarni film<\/span>\n\t\t\t\t\t<\/span>\n\t\t\t\t\t<\/a>\n\t\t\t\t<\/div>\n\t\t\t\t\t\t\t\t<\/div>\n\t\t\t\t<\/div>\n\t\t\t\t<\/div>\n\t\t\t\t\t<\/div>\n\t\t\t\t<\/div>\n\t\t<div class=\"elementor-element elementor-element-ac59720 e-flex e-con-boxed e-con e-parent\" data-id=\"ac59720\" data-element_type=\"container\" data-e-type=\"container\">\n\t\t\t\t\t<div class=\"e-con-inner\">\n\t\t<div class=\"elementor-element elementor-element-018c746 e-con-full e-flex e-con e-child\" data-id=\"018c746\" data-element_type=\"container\" data-e-type=\"container\">\n\t\t\t\t<div class=\"elementor-element elementor-element-3e448bb elementor-widget__width-initial elementor-widget-mobile__width-inherit elementor-widget elementor-widget-heading\" data-id=\"3e448bb\" data-element_type=\"widget\" data-e-type=\"widget\" data-widget_type=\"heading.default\">\n\t\t\t\t<div class=\"elementor-widget-container\">\n\t\t\t\t\t<h2 class=\"elementor-heading-title elementor-size-default\">Kako je mogo\u010de, da lahko nekdo <span style=\"color: #5fc3d2\">prejme odgovore na vsa \u017eivljenjska vpra\u0161anja<\/span> in to samo v nekaj sekundah? <\/h2>\t\t\t\t<\/div>\n\t\t\t\t<\/div>\n\t\t\t\t<div class=\"elementor-element elementor-element-0c42027 elementor-widget__width-initial elementor-widget-mobile__width-inherit elementor-widget elementor-widget-text-editor\" data-id=\"0c42027\" data-element_type=\"widget\" data-e-type=\"widget\" data-widget_type=\"text-editor.default\">\n\t\t\t\t<div class=\"elementor-widget-container\">\n\t\t\t\t\t\t\t\t\t<p>Medij <strong>Tja\u0161a Dorelay je razvila edinstveno metodo povezave z virom<\/strong> vseh informacij znotraj vesolja, imenovano Tehnologija Celestialnega Kanaliziranja.<\/p>\t\t\t\t\t\t\t\t<\/div>\n\t\t\t\t<\/div>\n\t\t\t\t<div class=\"elementor-element elementor-element-987b0d2 elementor-widget__width-initial elementor-widget-mobile__width-inherit elementor-widget elementor-widget-heading\" data-id=\"987b0d2\" data-element_type=\"widget\" data-e-type=\"widget\" data-widget_type=\"heading.default\">\n\t\t\t\t<div class=\"elementor-widget-container\">\n\t\t\t\t\t<h2 class=\"elementor-heading-title elementor-size-default\">Z uporabo te mo\u010dne tehnologije <span style=\"color: #5fc3d2\">je sposobna preklopiti svoje mo\u017egane v vi\u0161ja stanja zavesti<\/span> in dostopati do vsega znanja, ki obstaja.<\/h2>\t\t\t\t<\/div>\n\t\t\t\t<\/div>\n\t\t\t\t<div class=\"elementor-element elementor-element-ee47577 elementor-widget elementor-widget-image\" data-id=\"ee47577\" data-element_type=\"widget\" data-e-type=\"widget\" data-widget_type=\"image.default\">\n\t\t\t\t<div class=\"elementor-widget-container\">\n\t\t\t\t\t\t\t\t\t\t\t\t\t\t\t<img fetchpriority=\"high\" decoding=\"async\" width=\"960\" height=\"639\" src=\"https:\/\/tjasadorelay.com\/wp-content\/uploads\/2025\/10\/0076_240729_Tjasa_Bled-1024x682.jpg\" class=\"attachment-large size-large wp-image-5269\" alt=\"\" srcset=\"https:\/\/tjasadorelay.com\/wp-content\/uploads\/2025\/10\/0076_240729_Tjasa_Bled-1024x682.jpg 1024w, https:\/\/tjasadorelay.com\/wp-content\/uploads\/2025\/10\/0076_240729_Tjasa_Bled-600x400.jpg 600w, https:\/\/tjasadorelay.com\/wp-content\/uploads\/2025\/10\/0076_240729_Tjasa_Bled-300x200.jpg 300w, https:\/\/tjasadorelay.com\/wp-content\/uploads\/2025\/10\/0076_240729_Tjasa_Bled-768x512.jpg 768w, https:\/\/tjasadorelay.com\/wp-content\/uploads\/2025\/10\/0076_240729_Tjasa_Bled-1536x1024.jpg 1536w, https:\/\/tjasadorelay.com\/wp-content\/uploads\/2025\/10\/0076_240729_Tjasa_Bled-2048x1365.jpg 2048w\" sizes=\"(max-width: 960px) 100vw, 960px\" \/>\t\t\t\t\t\t\t\t\t\t\t\t\t\t\t<\/div>\n\t\t\t\t<\/div>\n\t\t\t\t<div class=\"elementor-element elementor-element-b3fdd4b elementor-widget__width-initial elementor-widget-mobile__width-inherit elementor-widget elementor-widget-heading\" data-id=\"b3fdd4b\" data-element_type=\"widget\" data-e-type=\"widget\" data-widget_type=\"heading.default\">\n\t\t\t\t<div class=\"elementor-widget-container\">\n\t\t\t\t\t<h2 class=\"elementor-heading-title elementor-size-default\">Ta dokumentarni film prikazuje \u0161e <span style=\"color: #5fc3d2\">nikoli prej izveden nevrolo\u0161ki eksperiment.<\/span><\/h2>\t\t\t\t<\/div>\n\t\t\t\t<\/div>\n\t\t\t\t<div class=\"elementor-element elementor-element-1f17f00 elementor-widget__width-initial elementor-widget-mobile__width-inherit elementor-widget elementor-widget-text-editor\" data-id=\"1f17f00\" data-element_type=\"widget\" data-e-type=\"widget\" data-widget_type=\"text-editor.default\">\n\t\t\t\t<div class=\"elementor-widget-container\">\n\t\t\t\t\t\t\t\t\t<p>Izvedena je bila <strong>obse\u017ena raziskava mo\u017eganov, telesa in energijskega polja Tja\u0161e Dorelay med kanaliziranjem<\/strong>, v sodelovanju z Jeffom Tarrantom, doktorjem znanosti, BCN. Meritve so se izvajale s <strong>kvantitativnim EEG<\/strong>, preverjala se je variabilnost sr\u010dnega utripa, prevodnost ko\u017ee in bio-polje, z namenom, da bi ugotovili, kak\u0161na znanost stoji za tem.<\/p>\t\t\t\t\t\t\t\t<\/div>\n\t\t\t\t<\/div>\n\t\t\t\t<div class=\"elementor-element elementor-element-c4a91df elementor-widget__width-initial elementor-widget-mobile__width-inherit elementor-widget elementor-widget-text-editor\" data-id=\"c4a91df\" data-element_type=\"widget\" data-e-type=\"widget\" data-widget_type=\"text-editor.default\">\n\t\t\t\t<div class=\"elementor-widget-container\">\n\t\t\t\t\t\t\t\t\t<p><strong>Kaj misli\u0161, da se zgodi, ko se sre\u010data znanost in duhovnost?<\/strong><\/p>\t\t\t\t\t\t\t\t<\/div>\n\t\t\t\t<\/div>\n\t\t\t\t<div class=\"elementor-element elementor-element-d7462fe elementor-widget__width-initial elementor-widget-mobile__width-inherit elementor-widget elementor-widget-heading\" data-id=\"d7462fe\" data-element_type=\"widget\" data-e-type=\"widget\" data-widget_type=\"heading.default\">\n\t\t\t\t<div class=\"elementor-widget-container\">\n\t\t\t\t\t<h2 class=\"elementor-heading-title elementor-size-default\"><span style=\"color: #5fc3d2\">Rezultati so preprosto neverjetni! <\/span><\/h2>\t\t\t\t<\/div>\n\t\t\t\t<\/div>\n\t\t\t\t<div class=\"elementor-element elementor-element-f302963 elementor-widget__width-initial elementor-widget-mobile__width-inherit elementor-widget elementor-widget-text-editor\" data-id=\"f302963\" data-element_type=\"widget\" data-e-type=\"widget\" data-widget_type=\"text-editor.default\">\n\t\t\t\t<div class=\"elementor-widget-container\">\n\t\t\t\t\t\t\t\t\t<p>In ti bodo na glavo postavili tvoje dojemanje \u017eivljenja.<\/p>\t\t\t\t\t\t\t\t<\/div>\n\t\t\t\t<\/div>\n\t\t\t\t<div class=\"elementor-element elementor-element-ffbd46c elementor-widget__width-initial elementor-widget-mobile__width-inherit elementor-widget elementor-widget-heading\" data-id=\"ffbd46c\" data-element_type=\"widget\" data-e-type=\"widget\" data-widget_type=\"heading.default\">\n\t\t\t\t<div class=\"elementor-widget-container\">\n\t\t\t\t\t<h2 class=\"elementor-heading-title elementor-size-default\">Oglej si dokumentarni film Celestial Channeling zdaj.<\/h2>\t\t\t\t<\/div>\n\t\t\t\t<\/div>\n\t\t\t\t<\/div>\n\t\t\t\t\t<\/div>\n\t\t\t\t<\/div>\n\t\t<div class=\"elementor-element elementor-element-cd3f004 e-flex e-con-boxed e-con e-parent\" data-id=\"cd3f004\" data-element_type=\"container\" data-e-type=\"container\">\n\t\t\t\t\t<div class=\"e-con-inner\">\n\t\t<div class=\"elementor-element elementor-element-fb3b6f4 e-con-full e-flex e-con e-child\" data-id=\"fb3b6f4\" data-element_type=\"container\" data-e-type=\"container\" data-settings=\"{&quot;background_background&quot;:&quot;classic&quot;}\">\n\t\t<div class=\"elementor-element elementor-element-fdba8a5 e-con-full e-flex e-con e-child\" data-id=\"fdba8a5\" data-element_type=\"container\" data-e-type=\"container\" data-settings=\"{&quot;background_background&quot;:&quot;classic&quot;}\">\n\t\t\t\t<div class=\"elementor-element elementor-element-a2f736c elementor-widget__width-initial elementor-widget elementor-widget-heading\" data-id=\"a2f736c\" data-element_type=\"widget\" data-e-type=\"widget\" data-widget_type=\"heading.default\">\n\t\t\t\t<div class=\"elementor-widget-container\">\n\t\t\t\t\t<h2 class=\"elementor-heading-title elementor-size-default\">Oglej si dokumentarni film <span style=\"color: #5FC3D2;text-decoration:none\">Celestial Channeling<\/span> brezpla\u010dno zdaj!<\/h2>\t\t\t\t<\/div>\n\t\t\t\t<\/div>\n\t\t\t\t<div class=\"elementor-element elementor-element-738e7e5 elementor-align-justify elementor-widget-mobile__width-initial elementor-widget__width-initial elementor-mobile-align-justify elementor-widget elementor-widget-button\" data-id=\"738e7e5\" data-element_type=\"widget\" data-e-type=\"widget\" data-widget_type=\"button.default\">\n\t\t\t\t<div class=\"elementor-widget-container\">\n\t\t\t\t\t\t\t\t\t<div class=\"elementor-button-wrapper\">\n\t\t\t\t\t<a class=\"elementor-button elementor-button-link elementor-size-sm\" href=\"#elementor-action%3Aaction%3Dpopup%3Aopen%26settings%3DeyJpZCI6NTQyNSwidG9nZ2xlIjpmYWxzZX0%3D\">\n\t\t\t\t\t\t<span class=\"elementor-button-content-wrapper\">\n\t\t\t\t\t\t\t\t\t<span class=\"elementor-button-text\">Za\u010dni z ogledom<\/span>\n\t\t\t\t\t<\/span>\n\t\t\t\t\t<\/a>\n\t\t\t\t<\/div>\n\t\t\t\t\t\t\t\t<\/div>\n\t\t\t\t<\/div>\n\t\t\t\t<div class=\"elementor-element elementor-element-c0c2604 elementor-widget elementor-widget-text-editor\" data-id=\"c0c2604\" data-element_type=\"widget\" data-e-type=\"widget\" data-widget_type=\"text-editor.default\">\n\t\t\t\t<div class=\"elementor-widget-container\">\n\t\t\t\t\t\t\t\t\t<p>Pripravi si kokice in u\u017eivaj v filmu :).<\/p>\t\t\t\t\t\t\t\t<\/div>\n\t\t\t\t<\/div>\n\t\t\t\t<\/div>\n\t\t\t\t<\/div>\n\t\t\t\t\t<\/div>\n\t\t\t\t<\/div>\n\t\t\t\t<\/div>\n\t\t","protected":false},"excerpt":{"rendered":"<p>https:\/\/tjasadorelay.com\/wp-content\/uploads\/2026\/04\/Celestial-Channeling-documentary_napovednik_TjasaDorelay_podnapisi-1.mp4 Dokumentarni film o \u017eivljenju pravega medija Oglej si dokumentarni film Kako je mogo\u010de, da lahko nekdo prejme odgovore na vsa \u017eivljenjska vpra\u0161anja in to samo v nekaj sekundah? Medij Tja\u0161a Dorelay je razvila edinstveno metodo povezave z virom vseh informacij znotraj vesolja, imenovano Tehnologija Celestialnega Kanaliziranja. Z uporabo te mo\u010dne tehnologije je sposobna preklopiti [&hellip;]<\/p>\n","protected":false},"author":1,"featured_media":0,"parent":0,"menu_order":0,"comment_status":"closed","ping_status":"closed","template":"elementor_header_footer","meta":{"_acf_changed":false,"footnotes":""},"class_list":["post-6524","page","type-page","status-publish","hentry"],"acf":[],"yoast_head":"<!-- This site is optimized with the Yoast SEO plugin v27.3 - https:\/\/yoast.com\/product\/yoast-seo-wordpress\/ -->\n<title>Ogled dokumentarca - Ime bloga<\/title>\n<meta name=\"robots\" content=\"noindex, follow, max-snippet:-1, max-image-preview:large, max-video-preview:-1\" \/>\n<meta property=\"og:locale\" content=\"sl_SI\" \/>\n<meta property=\"og:type\" content=\"article\" \/>\n<meta property=\"og:title\" content=\"Ogled dokumentarca - Ime bloga\" \/>\n<meta property=\"og:description\" content=\"https:\/\/tjasadorelay.com\/wp-content\/uploads\/2026\/04\/Celestial-Channeling-documentary_napovednik_TjasaDorelay_podnapisi-1.mp4 Dokumentarni film o \u017eivljenju pravega medija Oglej si dokumentarni film Kako je mogo\u010de, da lahko nekdo prejme odgovore na vsa \u017eivljenjska vpra\u0161anja in to samo v nekaj sekundah? Medij Tja\u0161a Dorelay je razvila edinstveno metodo povezave z virom vseh informacij znotraj vesolja, imenovano Tehnologija Celestialnega Kanaliziranja. Z uporabo te mo\u010dne tehnologije je sposobna preklopiti [&hellip;]\" \/>\n<meta property=\"og:url\" content=\"https:\/\/tjasadorelay.com\/sl\/dokumentarni-film\/\" \/>\n<meta property=\"og:site_name\" content=\"Ime bloga\" \/>\n<meta property=\"article:modified_time\" content=\"2026-04-16T18:09:02+00:00\" \/>\n<meta property=\"og:image\" content=\"https:\/\/tjasadorelay.com\/wp-content\/uploads\/2025\/10\/0076_240729_Tjasa_Bled-1024x682.jpg\" \/>\n<meta name=\"twitter:card\" content=\"summary_large_image\" \/>\n<meta name=\"twitter:label1\" content=\"Est. reading time\" \/>\n\t<meta name=\"twitter:data1\" content=\"2 minuti\" \/>\n<script type=\"application\/ld+json\" class=\"yoast-schema-graph\">{\"@context\":\"https:\\\/\\\/schema.org\",\"@graph\":[{\"@type\":\"WebPage\",\"@id\":\"https:\\\/\\\/tjasadorelay.com\\\/sl\\\/dokumentarni-film\\\/\",\"url\":\"https:\\\/\\\/tjasadorelay.com\\\/sl\\\/dokumentarni-film\\\/\",\"name\":\"Ogled dokumentarca - Ime bloga\",\"isPartOf\":{\"@id\":\"https:\\\/\\\/tjasadorelay.com\\\/#website\"},\"primaryImageOfPage\":{\"@id\":\"https:\\\/\\\/tjasadorelay.com\\\/sl\\\/dokumentarni-film\\\/#primaryimage\"},\"image\":{\"@id\":\"https:\\\/\\\/tjasadorelay.com\\\/sl\\\/dokumentarni-film\\\/#primaryimage\"},\"thumbnailUrl\":\"https:\\\/\\\/tjasadorelay.com\\\/wp-content\\\/uploads\\\/2025\\\/10\\\/0076_240729_Tjasa_Bled-1024x682.jpg\",\"datePublished\":\"2026-03-19T05:40:50+00:00\",\"dateModified\":\"2026-04-16T18:09:02+00:00\",\"breadcrumb\":{\"@id\":\"https:\\\/\\\/tjasadorelay.com\\\/sl\\\/dokumentarni-film\\\/#breadcrumb\"},\"inLanguage\":\"sl-SI\",\"potentialAction\":[{\"@type\":\"ReadAction\",\"target\":[\"https:\\\/\\\/tjasadorelay.com\\\/sl\\\/dokumentarni-film\\\/\"]}]},{\"@type\":\"ImageObject\",\"inLanguage\":\"sl-SI\",\"@id\":\"https:\\\/\\\/tjasadorelay.com\\\/sl\\\/dokumentarni-film\\\/#primaryimage\",\"url\":\"https:\\\/\\\/tjasadorelay.com\\\/wp-content\\\/uploads\\\/2025\\\/10\\\/0076_240729_Tjasa_Bled-1024x682.jpg\",\"contentUrl\":\"https:\\\/\\\/tjasadorelay.com\\\/wp-content\\\/uploads\\\/2025\\\/10\\\/0076_240729_Tjasa_Bled-1024x682.jpg\"},{\"@type\":\"BreadcrumbList\",\"@id\":\"https:\\\/\\\/tjasadorelay.com\\\/sl\\\/dokumentarni-film\\\/#breadcrumb\",\"itemListElement\":[{\"@type\":\"ListItem\",\"position\":1,\"name\":\"Home\",\"item\":\"https:\\\/\\\/tjasadorelay.com\\\/sl\\\/\"},{\"@type\":\"ListItem\",\"position\":2,\"name\":\"Ogled dokumentarca\"}]},{\"@type\":\"WebSite\",\"@id\":\"https:\\\/\\\/tjasadorelay.com\\\/#website\",\"url\":\"https:\\\/\\\/tjasadorelay.com\\\/\",\"name\":\"Tja\u0161a Dorelay\",\"description\":\"\",\"publisher\":{\"@id\":\"https:\\\/\\\/tjasadorelay.com\\\/#organization\"},\"potentialAction\":[{\"@type\":\"SearchAction\",\"target\":{\"@type\":\"EntryPoint\",\"urlTemplate\":\"https:\\\/\\\/tjasadorelay.com\\\/?s={search_term_string}\"},\"query-input\":{\"@type\":\"PropertyValueSpecification\",\"valueRequired\":true,\"valueName\":\"search_term_string\"}}],\"inLanguage\":\"sl-SI\"},{\"@type\":\"Organization\",\"@id\":\"https:\\\/\\\/tjasadorelay.com\\\/#organization\",\"name\":\"Tja\u0161a Dorelay\",\"url\":\"https:\\\/\\\/tjasadorelay.com\\\/\",\"logo\":{\"@type\":\"ImageObject\",\"inLanguage\":\"sl-SI\",\"@id\":\"https:\\\/\\\/tjasadorelay.com\\\/#\\\/schema\\\/logo\\\/image\\\/\",\"url\":\"https:\\\/\\\/tjasadorelay.com\\\/wp-content\\\/uploads\\\/2026\\\/03\\\/cropped-Favicon-1.png\",\"contentUrl\":\"https:\\\/\\\/tjasadorelay.com\\\/wp-content\\\/uploads\\\/2026\\\/03\\\/cropped-Favicon-1.png\",\"width\":512,\"height\":512,\"caption\":\"Tja\u0161a Dorelay\"},\"image\":{\"@id\":\"https:\\\/\\\/tjasadorelay.com\\\/#\\\/schema\\\/logo\\\/image\\\/\"}}]}<\/script>\n<!-- \/ Yoast SEO plugin. -->","yoast_head_json":{"title":"Ogled dokumentarca - Ime bloga","robots":{"index":"noindex","follow":"follow","max-snippet":"max-snippet:-1","max-image-preview":"max-image-preview:large","max-video-preview":"max-video-preview:-1"},"og_locale":"sl_SI","og_type":"article","og_title":"Ogled dokumentarca - Ime bloga","og_description":"https:\/\/tjasadorelay.com\/wp-content\/uploads\/2026\/04\/Celestial-Channeling-documentary_napovednik_TjasaDorelay_podnapisi-1.mp4 Dokumentarni film o \u017eivljenju pravega medija Oglej si dokumentarni film Kako je mogo\u010de, da lahko nekdo prejme odgovore na vsa \u017eivljenjska vpra\u0161anja in to samo v nekaj sekundah? Medij Tja\u0161a Dorelay je razvila edinstveno metodo povezave z virom vseh informacij znotraj vesolja, imenovano Tehnologija Celestialnega Kanaliziranja. Z uporabo te mo\u010dne tehnologije je sposobna preklopiti [&hellip;]","og_url":"https:\/\/tjasadorelay.com\/sl\/dokumentarni-film\/","og_site_name":"Ime bloga","article_modified_time":"2026-04-16T18:09:02+00:00","og_image":[{"url":"https:\/\/tjasadorelay.com\/wp-content\/uploads\/2025\/10\/0076_240729_Tjasa_Bled-1024x682.jpg","type":"","width":"","height":""}],"twitter_card":"summary_large_image","twitter_misc":{"Est. reading time":"2 minuti"},"schema":{"@context":"https:\/\/schema.org","@graph":[{"@type":"WebPage","@id":"https:\/\/tjasadorelay.com\/sl\/dokumentarni-film\/","url":"https:\/\/tjasadorelay.com\/sl\/dokumentarni-film\/","name":"Ogled dokumentarca - Ime bloga","isPartOf":{"@id":"https:\/\/tjasadorelay.com\/#website"},"primaryImageOfPage":{"@id":"https:\/\/tjasadorelay.com\/sl\/dokumentarni-film\/#primaryimage"},"image":{"@id":"https:\/\/tjasadorelay.com\/sl\/dokumentarni-film\/#primaryimage"},"thumbnailUrl":"https:\/\/tjasadorelay.com\/wp-content\/uploads\/2025\/10\/0076_240729_Tjasa_Bled-1024x682.jpg","datePublished":"2026-03-19T05:40:50+00:00","dateModified":"2026-04-16T18:09:02+00:00","breadcrumb":{"@id":"https:\/\/tjasadorelay.com\/sl\/dokumentarni-film\/#breadcrumb"},"inLanguage":"sl-SI","potentialAction":[{"@type":"ReadAction","target":["https:\/\/tjasadorelay.com\/sl\/dokumentarni-film\/"]}]},{"@type":"ImageObject","inLanguage":"sl-SI","@id":"https:\/\/tjasadorelay.com\/sl\/dokumentarni-film\/#primaryimage","url":"https:\/\/tjasadorelay.com\/wp-content\/uploads\/2025\/10\/0076_240729_Tjasa_Bled-1024x682.jpg","contentUrl":"https:\/\/tjasadorelay.com\/wp-content\/uploads\/2025\/10\/0076_240729_Tjasa_Bled-1024x682.jpg"},{"@type":"BreadcrumbList","@id":"https:\/\/tjasadorelay.com\/sl\/dokumentarni-film\/#breadcrumb","itemListElement":[{"@type":"ListItem","position":1,"name":"Home","item":"https:\/\/tjasadorelay.com\/sl\/"},{"@type":"ListItem","position":2,"name":"Ogled dokumentarca"}]},{"@type":"WebSite","@id":"https:\/\/tjasadorelay.com\/#website","url":"https:\/\/tjasadorelay.com\/","name":"Tja\u0161a Dorelay","description":"","publisher":{"@id":"https:\/\/tjasadorelay.com\/#organization"},"potentialAction":[{"@type":"SearchAction","target":{"@type":"EntryPoint","urlTemplate":"https:\/\/tjasadorelay.com\/?s={search_term_string}"},"query-input":{"@type":"PropertyValueSpecification","valueRequired":true,"valueName":"search_term_string"}}],"inLanguage":"sl-SI"},{"@type":"Organization","@id":"https:\/\/tjasadorelay.com\/#organization","name":"Tja\u0161a Dorelay","url":"https:\/\/tjasadorelay.com\/","logo":{"@type":"ImageObject","inLanguage":"sl-SI","@id":"https:\/\/tjasadorelay.com\/#\/schema\/logo\/image\/","url":"https:\/\/tjasadorelay.com\/wp-content\/uploads\/2026\/03\/cropped-Favicon-1.png","contentUrl":"https:\/\/tjasadorelay.com\/wp-content\/uploads\/2026\/03\/cropped-Favicon-1.png","width":512,"height":512,"caption":"Tja\u0161a Dorelay"},"image":{"@id":"https:\/\/tjasadorelay.com\/#\/schema\/logo\/image\/"}}]}},"_links":{"self":[{"href":"https:\/\/tjasadorelay.com\/sl\/wp-json\/wp\/v2\/pages\/6524","targetHints":{"allow":["GET"]}}],"collection":[{"href":"https:\/\/tjasadorelay.com\/sl\/wp-json\/wp\/v2\/pages"}],"about":[{"href":"https:\/\/tjasadorelay.com\/sl\/wp-json\/wp\/v2\/types\/page"}],"author":[{"embeddable":true,"href":"https:\/\/tjasadorelay.com\/sl\/wp-json\/wp\/v2\/users\/1"}],"replies":[{"embeddable":true,"href":"https:\/\/tjasadorelay.com\/sl\/wp-json\/wp\/v2\/comments?post=6524"}],"version-history":[{"count":22,"href":"https:\/\/tjasadorelay.com\/sl\/wp-json\/wp\/v2\/pages\/6524\/revisions"}],"predecessor-version":[{"id":8409,"href":"https:\/\/tjasadorelay.com\/sl\/wp-json\/wp\/v2\/pages\/6524\/revisions\/8409"}],"wp:attachment":[{"href":"https:\/\/tjasadorelay.com\/sl\/wp-json\/wp\/v2\/media?parent=6524"}],"curies":[{"name":"wp","href":"https:\/\/api.w.org\/{rel}","templated":true}]}}