{"id":6490,"date":"2026-04-12T10:32:27","date_gmt":"2026-04-12T10:32:27","guid":{"rendered":"https:\/\/dorelay-staging.roakon.cloud\/pogoji-uporabe\/"},"modified":"2026-04-17T13:18:03","modified_gmt":"2026-04-17T13:18:03","slug":"pogoji-uporabe","status":"publish","type":"page","link":"https:\/\/tjasadorelay.com\/sl\/pogoji-uporabe\/","title":{"rendered":"Pogoji uporabe"},"content":{"rendered":"\t\t<div data-elementor-type=\"wp-page\" data-elementor-id=\"6490\" class=\"elementor elementor-6490 elementor-6129\" data-elementor-post-type=\"page\">\n\t\t\t\t<div class=\"elementor-element elementor-element-fc57640 e-con-full e-flex e-con e-parent\" data-id=\"fc57640\" data-element_type=\"container\" data-e-type=\"container\" data-settings=\"{&quot;background_background&quot;:&quot;classic&quot;}\">\n\t\t<div class=\"elementor-element elementor-element-a47f10c e-flex e-con-boxed e-con e-child\" data-id=\"a47f10c\" data-element_type=\"container\" data-e-type=\"container\">\n\t\t\t\t\t<div class=\"e-con-inner\">\n\t\t\t\t<div class=\"elementor-element elementor-element-d0eb011 elementor-widget elementor-widget-heading\" data-id=\"d0eb011\" data-element_type=\"widget\" data-e-type=\"widget\" data-widget_type=\"heading.default\">\n\t\t\t\t<div class=\"elementor-widget-container\">\n\t\t\t\t\t<h2 class=\"elementor-heading-title elementor-size-default\">Pogoji uporabe<\/h2>\t\t\t\t<\/div>\n\t\t\t\t<\/div>\n\t\t\t\t\t<\/div>\n\t\t\t\t<\/div>\n\t\t\t\t<\/div>\n\t\t<div class=\"elementor-element elementor-element-3104c1c e-flex e-con-boxed e-con e-parent\" data-id=\"3104c1c\" data-element_type=\"container\" data-e-type=\"container\">\n\t\t\t\t\t<div class=\"e-con-inner\">\n\t\t\t\t<div class=\"elementor-element elementor-element-7864ff1 elementor-widget elementor-widget-text-editor\" data-id=\"7864ff1\" data-element_type=\"widget\" data-e-type=\"widget\" data-widget_type=\"text-editor.default\">\n\t\t\t\t<div class=\"elementor-widget-container\">\n\t\t\t\t\t\t\t\t\t<h1>POGOJI UPORABE SPLETNEGA MESTA www.tjasadorelay.com<\/h1><p>\u00a0<\/p><p>S spletnim mestom upravlja dru\u017eba Oralie, storitve, d.o.o., Novi trg 32a, 1241 Kamnik, Slovenija,z mati\u010dno \u0161tevilko 9190791000 in dav\u010dno \u0161tevilko SI38097290, ki je bila vpisana v Poslovni register Slovenije 16. 8. 2022 (\u00bb<strong>Podjetje<\/strong>\u00ab).<\/p><p>\u00a0<\/p><p>Ti pogoji ustvarjajo pravno zavezujo\u010d dogovor med Uporabnikom in Podjetjem glede pogojev uporabe Spletnega mesta (\u00bb<strong>Pogoji<\/strong>\u00ab).<\/p><p>\u00a0<\/p><p>Z dostopom do Spletnega mesta ali z uporabo Spletnega mesta Uporabnik sprejema te Pogoje in sogla\u0161a, da ga ti Pogoji zavezujejo, ter so tako pravno veljaven in zavezujo\u010d dogovor med njim in Podjetjem.<\/p><h3>\u00a0<\/h3><h3>1. Definicije in razlage<\/h3><p>1.1 <strong>Pogoji<\/strong> so pogoji uporabe spletnega mesta www.tjasadorelay.com.<\/p><p>1.2 <strong>Spletno mesto<\/strong> je www.tjasadorelay.com.<\/p><p>1.3 <strong>Podjetje<\/strong> je dru\u017eba Oralie d.o.o., Novi trg 32a, 1241 Kamnik, Slovenija.<\/p><p>1.4 <strong>Uporabnik<\/strong> je vsaka oseba, ki obi\u0161\u010de Spletno mesto ali ga na kakr\u0161enkoli na\u010din uporablja.<\/p><p>1.5 <strong>Registrirani uporabnik<\/strong> je vsak uporabnik, ki z registracijo na Spletnem mestu ustvari svoj uporabni\u0161ki ra\u010dun, ki mu omogo\u010da dostop do Zaprtega dela Spletnega mesta in nakup digitalnih vsebin ter dolo\u010denih storitev v spletni trgovini Podjetja.<\/p><p>1.6 <strong>Zaprti del Spletnega mesta<\/strong> je del Spletnega mesta, ki je dostopen le Registriranim uporabnikom.<\/p><p>1.7 <strong>Vi\u0161jo silo<\/strong> predstavljajo dogodki, ki so izven nadzora Podjetja, zlasti (i) ve\u010dje elementarne nesre\u010de na obmo\u010dju sede\u017ea Podjetja in\/ali njegove poslovne enote z neposrednim vplivom na njegov delovni proces (po\u017eari, potresi, poplave, vihar ipd.); (ii) katastrofalne nesre\u010de z nevarnimi ali eksplozivnimi snovmi na obmo\u010dju sede\u017ea Podjetja in\/ali njegove poslovne enote z neposrednim vplivom na njegov delovni proces; (iii) razglasitev vojne ali izrednih razmer na obmo\u010dju sede\u017ea Podjetja in\/ali njegove poslovne enote; (iv) razgla\u0161ena epidemija ali pandemija nalezljive bolezni na obmo\u010dju sede\u017ea Podjetja in\/ali njegove poslovne enote, ki ogro\u017ea \u017eivljenje ve\u010djega \u0161tevila ljudi in so v zvezi z njo povezani ukrepi upravnih in drugih uradnih organov, ki neposredno vplivajo na delovni proces Podjetja.<\/p><h3>\u00a0<\/h3><h3>2. Pravica uporabljati Spletno mesto<\/h3><p>2.1 S sprejemom teh Pogojev pridobi Uporabnik neizklju\u010dno, preklicljivo in neprenosljivo pravico uporabljati Spletno mesto <strong>za svojo osebno rabo<\/strong>. Prepovedana je uporaba Spletnega mesta <strong>za komercialne namene<\/strong>.<\/p><p>2.2 Brez predhodnega izrecnega pisnega soglasja Podjetja Uporabnik ne sme kopirati, prikazovati, onemogo\u010dati ali posku\u0161ati onemogo\u010diti, distribuirati, objavljati, prena\u0161ati, spreminjati ali ustvarjati Spletnega mesta Podjetja ali kateregakoli njenega sestavnega dela.<\/p><p>2.3 Brez predhodnega izrecnega pisnega soglasja Podjetja Uporabnik tretjim osebam ne sme posredovati podatkov in vsebin, pridobljenih na Spletnem mestu, in se v krogu tretjih oseb ne sme sklicevati na poslovno povezavo s Spletnim mestom oziroma s Podjetjem.<\/p><h2>\u00a0<\/h2><h3>\u00a0<\/h3><h3>3. Pravice intelektualne lastnine<\/h3><p>3.1 Podjetje je imetnik vseh <strong>avtorskih pravic<\/strong> na vsebini, ki je objavljena na Spletnem mestu, zlasti glede besedila, grafike, logotipov, slik in fotografij, zvo\u010dnih in video posnetkov, zbirk podatkov in programske kode, razen \u010de je glede posamezne vsebine izrecno navedeno druga\u010de.<\/p><p>3.2 Poleg tega so dolo\u010dene grafike, logotipi, ikone gumbov, besede in imena posameznih proizvodov in storitev, ki so objavljene na Spletnem mestu ali so na voljo preko Spletnega mesta, za\u0161\u010ditene tudi kot <strong>blagovne ali storitvene znamke<\/strong> na ozemlju Evropske unije.<\/p><p>3.3 Na Spletnem mestu so lahko objavljene tudi povezave na druge spletne strani, ki jih ne upravlja Podjetje. Podjetje navaja te povezave z izklju\u010dnim namenom, da Uporabniku olaj\u0161a dostop do dodatnih podatkov in vsebin, ki so povezane z njegovo dejavnostjo. Podjetje nima nadzora nad delovanjem teh strani in nad njihovo vsebino, zato ne nosi nikakr\u0161ne odgovornosti za to\u010dnost tam objavljenih podatkov in vsebin, niti ni odgovorno za \u0161kodo, ki bi lahko nastala Uporabniku z obiskom teh spletnih strani.<\/p><p>3.4 Brez predhodnega pisnega soglasja Podjetja Uporabnik ne sme shraniti ali natisniti vsebine Spletnega mesta za lastno zasebno uporabo; nikakor pa Uporabnik brez predhodnega pisnega soglasja Podjetja ne sme kako druga\u010de distribuirati, objavljati, prena\u0161ati ali spreminjati vsebine Spletnega mesta ali ga uporabljati v poslovne oziroma komercialne namene. Dostop do dolo\u010denih vsebin na Spletnem mestu je dodatno omejen. Poleg teh Pogojev lahko veljajo za te vsebine \u0161e dodatni pogoji, o katerih je Uporabnik obve\u0161\u010den pred dostopanjem do tak\u0161nih vsebin.<\/p><h3>\u00a0<\/h3><h3>4. Uporaba Spletnega mesta<\/h3><p>4.1 Za dostop do vsebin Spletnega mesta Uporabnik potrebuje primerno digitalno okolje, tj. strojno opremo, programsko opremo in vse omre\u017eene povezave. V primeru, da bi spremembe Spletnega mesta terjale spremembe v Uporabnikovem digitalnem okolju, jih bo Uporabnik izvedel sam na lastne stro\u0161ke.<\/p><p>4.2 Uporabnik uporablja Spletno mesto na na\u010din, da ne povzro\u010da \u0161kode Podjetju, ostalim Uporabnikom ali tretjim osebam. Uporabnik se vzdr\u017euje uporabe, ki bi \u0161kodovala, ovirala, preobremenila ali celo onemogo\u010dila delovanje Spletnega mesta. Uporabnik ne uporablja sredstev, ki bi lahko motila, onesposobila ali \u0161kodovala programski in strojni opremi Podjetja ter njegovim telekomunikacijskim napravam. Uporabnik ne pridobiva podatkov in vsebin s Spletnega mesta na kakr\u0161enkoli drug na\u010din, kot na na\u010din, ki ga zagotavlja Podjetje.<\/p><p>4.3 V primeru kr\u0161itve teh Pogojev, kot tudi v primeru prekomerne uporabe ali zlorabe tega Spletnega mesta Podjetje brez predhodnega obvestila Uporabniku omeji ali prepre\u010di dostop do Spletnega mesta. Podjetje prepre\u010di Uporabniku dostop do Spletnega mesta tudi v primeru, ko ima tehtne razloge za domnevo, da se Uporabnik ukvarja z nezakonito dejavnostjo ali da ogro\u017ea varstvo zasebnosti Podjetja ali njegovo varstvo podatkov.<\/p><p>4.4 Podjetje za\u010dasno prekine dostop do Spletnega mesta zaradi vzdr\u017eevanja Spletnega mesta, njene nadgradnje ali zamenjave programske opreme; v primeru, ko to zahtevajo veljavni predpisi ali odlo\u010dbe dr\u017eavnih organov; in v primeru drugih upravi\u010denih razlogov za za\u010dasno prekinitev dostopa do Spletnega mesta. V vsakem od teh primerov si Podjetje prizadeva, da prekinitev traja kar najkraj\u0161i \u010das. V tem primeru Podjetje ne nosi nobene odgovornosti ne v razmerju do Uporabnika ne v razmerju do tretjih oseb.<\/p><p>4.5 Podjetje lahko kadarkoli, tudi brez predhodnega obvestila Uporabniku, za\u010dasno ali trajno spremeni ali ukine Spletno mesto ali njegov posamezni del. V nobenem od teh primerov Podjetje ne nosi nobene odgovornosti ne v razmerju do Uporabnika ne v razmerju do tretjih oseb.<\/p><p>4.6 Podjetje ne jam\u010di dostopa do Spletnega mesta v primeru izpada elektronskega komunikacijskega omre\u017eja, izpada elektri\u010dne energije in drugih izpadov, napak, drugih tehni\u010dnih motenj ter v primeru Vi\u0161je sile. V tak\u0161nih primerih Podjetje ne nosi nikakr\u0161ne odgovornosti ne v razmerju do Uporabnika ne v razmerju do tretjih oseb.<\/p><h3>\u00a0<\/h3><h3>5. Vsebine spletnega mesta<\/h3><p>5.1 Podatki in Vsebine, objavljene na Spletnem mestu, izra\u017eajo mnenje oziroma pogled na \u017eivljenje Podjetja, njegovih ustvarjalcev oziroma zaposlenih.<\/p><p>5.2 Spletno mesto ponuja raznovrstne vsebine, ki so namenjene zgolj informiranju in izobra\u017eevanju. Vsebine Spletnega mesta in dejavnost Podjetja niso uradno priznana oblika strokovne pomo\u010di posamezniku in ne uradno priznani izobra\u017eevalni programi.<\/p><p>5.3 Vsebine, objavljene na Spletnem mestu, spodbujajo Uporabnika k prevzemanju odgovornosti za situacije v svojem \u017eivljenju in k dvigu osebnega zavedanja ter kakovosti njegovega \u017eivljenja.<\/p><h3>\u00a0<\/h3><h3>6. Omejitev odgovornosti<\/h3><p>6.1 Uporabnik uporablja vse podatke in vsebine na Spletnem mestu zavestno in po lastni ter svobodni volji. Uporabnik prevzema vso odgovornost za svojo odlo\u010ditev, da vsebine, objavljene na Spletnem mestu, upo\u0161teva ali uporabi v svojem \u017eivljenju. Uporabnik se strinja, da Podjetje nima nobenih zaslug in nobene odgovornosti za posledice, ki bi nastale Uporabniku ne v obdobju uporabe Spletnega mesta ne v obdobju po uporabi Spletnega mesta.<\/p><p>6.2 Podjetje si ves \u010das po najbolj\u0161ih mo\u010deh prizadeva za to\u010dnost in a\u017eurnost podatkov in vsebin na Spletnem mestu, vendar pa ne Podjetje ne njegovi zaposleni ne prevzemajo nikakr\u0161ne odgovornosti za \u0161kodo, ki bi morebiti nastala Uporabniku zaradi neto\u010dnih in\/ali nea\u017eurnih podatkov in vsebin na Spletnem mestu<\/p><p>6.3 Uporabnik razume in potrjuje, da je sam odgovoren za svoje zdravstveno, fizi\u010dno, mentalno ali du\u0161evno stanje in\/ali zdravje. Vsebina Spletnega mesta je zgolj informativne narave. Podatkov in vsebin na Spletnem mestu v nobenem primeru ni mogo\u010de razumeti na na\u010din, da Podjetje daje Uporabniku medicinske nasvete ali da vsebine Spletnega mesta nadome\u0161\u010dajo strokovno medicinsko obravnavo, diagnostiko ali zdravljenje. Uporabnik razume in potrjuje, da bo glede svojega zdravstvenega stanja vselej iskal pomo\u010d pri svojem zdravniku ali pri drugem kvalificiranem ponudniku zdravstvenih storitev. Uporabnik ne bo nikoli prezrl zdravni\u0161kega nasveta ali odla\u0161al z iskanjem zdravni\u0161kega nasveta zaradi kakr\u0161nihkoli podatkov ali vsebin na tem Spletnem mestu. Uporabnik se strinja, da ne Podjetje ne njegovi zaposleni ne nosijo nobene odgovornosti za Uporabnikovo zdravstveno, fizi\u010dno, mentalno ali du\u0161evno stanje in\/ali zdravje.<\/p><p>6.4 Uporabnik razume in potrjuje, da podatki in vsebine na Spletnem mestu niso namenjene in se ne smejo razumeti ali razlagati kot strokovni nasvet. Podatki in vsebine na Spletnem mestu so splo\u0161ne narave in ne naslavljajo nobenega individualnega in konkretnega primera. Kot take niso nadomestilo za strokovni nasvet strokovnjaka, ki pozna vsa dejstva in vse okoli\u0161\u010dine Uporabnikovega polo\u017eaja. Ni\u010desar, objavljenega na Spletnem mestu, ni mogo\u010de razumeti kot nasvet, naj Uporabnik ne i\u0161\u010de strokovnega nasveta pri strokovnjaku, usposobljenem za svetovanje na posameznem podro\u010dju. Uporabnik se strinja, da ne Podjetje ne njegovi zaposleni ne nosijo odgovornosti za nobeno \u0161kodo, ki bi jo utrpel Uporabnik zato, ker ni iskal strokovnega nasveta pri za to usposobljenem strokovnjaku.<\/p><p>6.5 Uporaba Spletnega mesta, vklju\u010dno z uporabo podatkov in vsebin na Spletnem mestu v \u017eivljenju Uporabnika, ne ustvarja poslovnega razmerja med Podjetjem in Uporabnikom.<\/p><h3>\u00a0<\/h3><h3>7. Dostop do Spletnega mesta<\/h3><p>7.1 Spletno mesto je praviloma dostopno 24 ur na dan, vse dni v letu.<\/p><p>7.2 Digitalne vsebine na Spletnem mestu so dostopne preko vti\u010dnikov (zlasti YouTube, SoundCloud in drugih vti\u010dnikov). Za dostop do digitalnih vsebin Spletnega mesta mora zato Uporabnik potrditi pi\u0161kotke tretjih oseb. Podrobnej\u0161i podatki v zvezi s pi\u0161kotki tretjih oseb so v dokumentu Pi\u0161kotki. \u010ce Uporabnik ne potrdi pi\u0161kotkov tretjih oseb, ne more dostopati do digitalnih vsebin.<\/p><h3>\u00a0<\/h3><h3>8. Dostop do Zaprtega dela Spletnega mesta<\/h3><p>8.1 Za dostop do Zaprtega dela Spletnega mesta se mora Uporabnik registrirati. Z registracijo Uporabnik ustvari svoj uporabni\u0161ki ra\u010dun.<\/p><p>8.2 V postopku registracije Uporabnik navede podatke, ki jih zahteva obrazec \u00bbUstvari uporabni\u0161ki ra\u010dun\u00ab.<\/p><p>8.3 Uporabnik je odgovoren za resni\u010dnost in to\u010dnost podatkov, posredovanih ob registraciji. Podjetje ne prevzema nikakr\u0161ne odgovornosti v primeru, da Registrirani uporabnik ob registraciji posreduje neto\u010dne podatke o sebi, osebne podatke tretje osebe ali zlorabi elektronski naslov tretje osebe.<\/p><p>8.4 Podjetje lahko Uporabniku zavrne registracijo v primeru, da posredovani podatki ka\u017eejo na to, da gre za drugo osebo, da so posredovani podatki za\u0161\u010diteni s pravicami prava blagovnih znamk, so \u017ealjivi ali druga\u010de nesprejemljivi.<\/p><p>8.5 V primeru, da se po registraciji spremenijo podatki, ki jih je Registrirani uporabnik posredoval ob registraciji, mora Registrirani uporabnik posodobiti posredovane podatke, da ohrani njihovo resni\u010dnost in to\u010dnost.<\/p><p>8.6 Podjetje lahko kadarkoli po lastni presoji in brez vnaprej\u0161njega opozorila za\u010dasno ali trajno onemogo\u010di dostop do Zaprtega dela Spletnega mesta Registriranemu uporabniku, glede katerega obstaja sum, da zlorablja osebne podatke tretjega, da povzro\u010da \u0161kodo Podjetju ali da negativno vpliva na uporabni\u0161ko izku\u0161njo drugih Registriranih uporabnikov.<\/p><p>8.7 Registrirani uporabnik lahko kadarkoli izbri\u0161e svoj uporabni\u0161ki ra\u010dun tako, da sledi navodilom na Spletnem mestu.<\/p><p>8.8 Registrirani uporabnik je odgovoren za svoj uporabni\u0161ki ra\u010dun in za varovanje zaupnosti podatkov za prijavo v uporabni\u0161ki ra\u010dun. V skladu s tem je Registrirani uporabnik odgovoren za vse dejavnosti, ki se zgodijo iz naslova njegovega uporabni\u0161kega ra\u010duna. V primeru suma ali ugotovitve, da je pri\u0161lo do nepoobla\u0161\u010dene uporabe uporabni\u0161kega ra\u010duna ali kakr\u0161nekoli druge kr\u0161itve varnosti ali zaupnosti v zvezi z uporabni\u0161kim ra\u010dunom, mora Registrirani uporabnik nemudoma obvestiti Podjetje.<\/p><h3>\u00a0<\/h3><h3>9. Uporabnikove obveznosti<\/h3><p>9.1 Uporabnik se zavezuje:<\/p><ul><li>da bo tako v svoji komunikaciji s Podjetjem in njegovimi zaposlenimi kot tudi v komunikaciji z drugimi Uporabniki vljuden in spo\u0161tljiv ter da se bo primerno izra\u017eal. Podjetje ima ni\u010delno toleranco do sovra\u017enega, \u017ealjivega, poni\u017eevalnega, slab\u0161alnega ali drugega neprimernega govora oziroma na\u010dina izra\u017eanja in bo sankcioniral vsako tak\u0161no po\u010detje. Prepovedano je tako nadlegovanje zaposlenih v Podjetju kot tudi nadlegovanje drugih Uporabnikov.<\/li><li>da vsebine Spletnega mesta ne bo uporabljal za komercialne, nezakonite ali kakr\u0161nekoli druge namene, kot tiste, ki so dovoljeni v teh Pogojih.<\/li><li>da ne bo na noben na\u010din kopiral, shranjeval ali posredoval tretjim osebam celotnih ali posami\u010dnih avtorsko za\u0161\u010ditenih vsebin Spletnega mesta, ne glede na to, na katerem delu Spletnega mesta se nahajajo.<\/li><li>da ne bo posku\u0161al pridobiti, zbirati in\/ali shranjevati osebnih podatkov drugih Uporabnikov.<\/li><\/ul><p>9.2 Uporabnik v nobenem primeru ne sme uporabljati Spletnega mesta na na\u010din:<\/p><ul><li>da nadleguje, zlorablja, grozi, obrekuje ali kako druga\u010de posega ali kr\u0161i pravice Podjetja in\/ali njegovih zaposlenih in\/ali kateregakoli drugega Uporabnika.<\/li><li>ki je nezakonit, goljufiv ali zavajajo\u010d.<\/li><li>da uporablja tehnologijo ali druga sredstva za dostop do podatkov Podjetja, do katerih Podjetje ne nudi dostopa.<\/li><li>da uporablja ali za\u017eene katerikoli avtomatiziran sistem za dostop do Spletnega mesta.<\/li><li>da vnese ali poskusi vnesti virus ali katerekoli druge \u0161kodljive ra\u010dunalni\u0161ke kode, ki prekinejo, uni\u010dijo ali omejijo funkcionalnost katerekoli ra\u010dunalni\u0161ke programske, strojne ali telekomunikacijske opreme.<\/li><li>da poskusi nepoobla\u0161\u010deno dostopati do Spletnega mesta,<\/li><li>da spodbuja ravnanje, ki bi pomenilo kaznivo dejanje ali povzro\u010dilo civilno odgovornost.<\/li><li>da brez predhodnega izrecnega pisnega soglasja Podjetja tretjim osebam posreduje podatke in vsebine, pridobljene na Spletnem mestu,<\/li><li>da kr\u0161i te Pogoje.<\/li><\/ul><p>9.3 Kr\u0161itev zgoraj navedenih obveznosti ima za posledico Uporabnikovo materialno in kazensko odgovornost.<\/p><h3>\u00a0<\/h3><h3>10. Varstvo osebnih podatkov<\/h3><p>Pri uporabi Spletnega mesta se obdelujejo tudi osebni podatki. Podatki s tem v zvezi so v dokumentu Obvestilo o varstvu osebnih podatkov.<\/p>\t\t\t\t\t\t\t\t<\/div>\n\t\t\t\t<\/div>\n\t\t\t\t\t<\/div>\n\t\t\t\t<\/div>\n\t\t\t\t<\/div>\n\t\t","protected":false},"excerpt":{"rendered":"<p>Pogoji uporabe POGOJI UPORABE SPLETNEGA MESTA www.tjasadorelay.com \u00a0 S spletnim mestom upravlja dru\u017eba Oralie, storitve, d.o.o., Novi trg 32a, 1241 Kamnik, Slovenija,z mati\u010dno \u0161tevilko 9190791000 in dav\u010dno \u0161tevilko SI38097290, ki je bila vpisana v Poslovni register Slovenije 16. 8. 2022 (\u00bbPodjetje\u00ab). \u00a0 Ti pogoji ustvarjajo pravno zavezujo\u010d dogovor med Uporabnikom in Podjetjem glede pogojev uporabe [&hellip;]<\/p>\n","protected":false},"author":1,"featured_media":0,"parent":0,"menu_order":0,"comment_status":"closed","ping_status":"closed","template":"elementor_header_footer","meta":{"_acf_changed":false,"footnotes":""},"class_list":["post-6490","page","type-page","status-publish","hentry"],"acf":[],"yoast_head":"<!-- This site is optimized with the Yoast SEO plugin v27.3 - https:\/\/yoast.com\/product\/yoast-seo-wordpress\/ -->\n<title>Pogoji uporabe - Ime bloga<\/title>\n<meta name=\"robots\" content=\"noindex, follow, max-snippet:-1, max-image-preview:large, max-video-preview:-1\" \/>\n<meta property=\"og:locale\" content=\"sl_SI\" \/>\n<meta property=\"og:type\" content=\"article\" \/>\n<meta property=\"og:title\" content=\"Pogoji uporabe - Ime bloga\" \/>\n<meta property=\"og:description\" content=\"Pogoji uporabe POGOJI UPORABE SPLETNEGA MESTA www.tjasadorelay.com \u00a0 S spletnim mestom upravlja dru\u017eba Oralie, storitve, d.o.o., Novi trg 32a, 1241 Kamnik, Slovenija,z mati\u010dno \u0161tevilko 9190791000 in dav\u010dno \u0161tevilko SI38097290, ki je bila vpisana v Poslovni register Slovenije 16. 8. 2022 (\u00bbPodjetje\u00ab). \u00a0 Ti pogoji ustvarjajo pravno zavezujo\u010d dogovor med Uporabnikom in Podjetjem glede pogojev uporabe [&hellip;]\" \/>\n<meta property=\"og:url\" content=\"https:\/\/tjasadorelay.com\/sl\/pogoji-uporabe\/\" \/>\n<meta property=\"og:site_name\" content=\"Ime bloga\" \/>\n<meta property=\"article:modified_time\" content=\"2026-04-17T13:18:03+00:00\" \/>\n<meta name=\"twitter:card\" content=\"summary_large_image\" \/>\n<meta name=\"twitter:label1\" content=\"Est. reading time\" \/>\n\t<meta name=\"twitter:data1\" content=\"12 minut\" \/>\n<script type=\"application\/ld+json\" class=\"yoast-schema-graph\">{\"@context\":\"https:\\\/\\\/schema.org\",\"@graph\":[{\"@type\":\"WebPage\",\"@id\":\"https:\\\/\\\/tjasadorelay.com\\\/sl\\\/pogoji-uporabe\\\/\",\"url\":\"https:\\\/\\\/tjasadorelay.com\\\/sl\\\/pogoji-uporabe\\\/\",\"name\":\"Pogoji uporabe - Ime bloga\",\"isPartOf\":{\"@id\":\"https:\\\/\\\/tjasadorelay.com\\\/#website\"},\"datePublished\":\"2026-04-12T10:32:27+00:00\",\"dateModified\":\"2026-04-17T13:18:03+00:00\",\"breadcrumb\":{\"@id\":\"https:\\\/\\\/tjasadorelay.com\\\/sl\\\/pogoji-uporabe\\\/#breadcrumb\"},\"inLanguage\":\"sl-SI\",\"potentialAction\":[{\"@type\":\"ReadAction\",\"target\":[\"https:\\\/\\\/tjasadorelay.com\\\/sl\\\/pogoji-uporabe\\\/\"]}]},{\"@type\":\"BreadcrumbList\",\"@id\":\"https:\\\/\\\/tjasadorelay.com\\\/sl\\\/pogoji-uporabe\\\/#breadcrumb\",\"itemListElement\":[{\"@type\":\"ListItem\",\"position\":1,\"name\":\"Home\",\"item\":\"https:\\\/\\\/tjasadorelay.com\\\/sl\\\/\"},{\"@type\":\"ListItem\",\"position\":2,\"name\":\"Pogoji uporabe\"}]},{\"@type\":\"WebSite\",\"@id\":\"https:\\\/\\\/tjasadorelay.com\\\/#website\",\"url\":\"https:\\\/\\\/tjasadorelay.com\\\/\",\"name\":\"Tja\u0161a Dorelay\",\"description\":\"\",\"publisher\":{\"@id\":\"https:\\\/\\\/tjasadorelay.com\\\/#organization\"},\"potentialAction\":[{\"@type\":\"SearchAction\",\"target\":{\"@type\":\"EntryPoint\",\"urlTemplate\":\"https:\\\/\\\/tjasadorelay.com\\\/?s={search_term_string}\"},\"query-input\":{\"@type\":\"PropertyValueSpecification\",\"valueRequired\":true,\"valueName\":\"search_term_string\"}}],\"inLanguage\":\"sl-SI\"},{\"@type\":\"Organization\",\"@id\":\"https:\\\/\\\/tjasadorelay.com\\\/#organization\",\"name\":\"Tja\u0161a Dorelay\",\"url\":\"https:\\\/\\\/tjasadorelay.com\\\/\",\"logo\":{\"@type\":\"ImageObject\",\"inLanguage\":\"sl-SI\",\"@id\":\"https:\\\/\\\/tjasadorelay.com\\\/#\\\/schema\\\/logo\\\/image\\\/\",\"url\":\"https:\\\/\\\/tjasadorelay.com\\\/wp-content\\\/uploads\\\/2026\\\/03\\\/cropped-Favicon-1.png\",\"contentUrl\":\"https:\\\/\\\/tjasadorelay.com\\\/wp-content\\\/uploads\\\/2026\\\/03\\\/cropped-Favicon-1.png\",\"width\":512,\"height\":512,\"caption\":\"Tja\u0161a Dorelay\"},\"image\":{\"@id\":\"https:\\\/\\\/tjasadorelay.com\\\/#\\\/schema\\\/logo\\\/image\\\/\"}}]}<\/script>\n<!-- \/ Yoast SEO plugin. -->","yoast_head_json":{"title":"Pogoji uporabe - Ime bloga","robots":{"index":"noindex","follow":"follow","max-snippet":"max-snippet:-1","max-image-preview":"max-image-preview:large","max-video-preview":"max-video-preview:-1"},"og_locale":"sl_SI","og_type":"article","og_title":"Pogoji uporabe - Ime bloga","og_description":"Pogoji uporabe POGOJI UPORABE SPLETNEGA MESTA www.tjasadorelay.com \u00a0 S spletnim mestom upravlja dru\u017eba Oralie, storitve, d.o.o., Novi trg 32a, 1241 Kamnik, Slovenija,z mati\u010dno \u0161tevilko 9190791000 in dav\u010dno \u0161tevilko SI38097290, ki je bila vpisana v Poslovni register Slovenije 16. 8. 2022 (\u00bbPodjetje\u00ab). \u00a0 Ti pogoji ustvarjajo pravno zavezujo\u010d dogovor med Uporabnikom in Podjetjem glede pogojev uporabe [&hellip;]","og_url":"https:\/\/tjasadorelay.com\/sl\/pogoji-uporabe\/","og_site_name":"Ime bloga","article_modified_time":"2026-04-17T13:18:03+00:00","twitter_card":"summary_large_image","twitter_misc":{"Est. reading time":"12 minut"},"schema":{"@context":"https:\/\/schema.org","@graph":[{"@type":"WebPage","@id":"https:\/\/tjasadorelay.com\/sl\/pogoji-uporabe\/","url":"https:\/\/tjasadorelay.com\/sl\/pogoji-uporabe\/","name":"Pogoji uporabe - Ime bloga","isPartOf":{"@id":"https:\/\/tjasadorelay.com\/#website"},"datePublished":"2026-04-12T10:32:27+00:00","dateModified":"2026-04-17T13:18:03+00:00","breadcrumb":{"@id":"https:\/\/tjasadorelay.com\/sl\/pogoji-uporabe\/#breadcrumb"},"inLanguage":"sl-SI","potentialAction":[{"@type":"ReadAction","target":["https:\/\/tjasadorelay.com\/sl\/pogoji-uporabe\/"]}]},{"@type":"BreadcrumbList","@id":"https:\/\/tjasadorelay.com\/sl\/pogoji-uporabe\/#breadcrumb","itemListElement":[{"@type":"ListItem","position":1,"name":"Home","item":"https:\/\/tjasadorelay.com\/sl\/"},{"@type":"ListItem","position":2,"name":"Pogoji uporabe"}]},{"@type":"WebSite","@id":"https:\/\/tjasadorelay.com\/#website","url":"https:\/\/tjasadorelay.com\/","name":"Tja\u0161a Dorelay","description":"","publisher":{"@id":"https:\/\/tjasadorelay.com\/#organization"},"potentialAction":[{"@type":"SearchAction","target":{"@type":"EntryPoint","urlTemplate":"https:\/\/tjasadorelay.com\/?s={search_term_string}"},"query-input":{"@type":"PropertyValueSpecification","valueRequired":true,"valueName":"search_term_string"}}],"inLanguage":"sl-SI"},{"@type":"Organization","@id":"https:\/\/tjasadorelay.com\/#organization","name":"Tja\u0161a Dorelay","url":"https:\/\/tjasadorelay.com\/","logo":{"@type":"ImageObject","inLanguage":"sl-SI","@id":"https:\/\/tjasadorelay.com\/#\/schema\/logo\/image\/","url":"https:\/\/tjasadorelay.com\/wp-content\/uploads\/2026\/03\/cropped-Favicon-1.png","contentUrl":"https:\/\/tjasadorelay.com\/wp-content\/uploads\/2026\/03\/cropped-Favicon-1.png","width":512,"height":512,"caption":"Tja\u0161a Dorelay"},"image":{"@id":"https:\/\/tjasadorelay.com\/#\/schema\/logo\/image\/"}}]}},"_links":{"self":[{"href":"https:\/\/tjasadorelay.com\/sl\/wp-json\/wp\/v2\/pages\/6490","targetHints":{"allow":["GET"]}}],"collection":[{"href":"https:\/\/tjasadorelay.com\/sl\/wp-json\/wp\/v2\/pages"}],"about":[{"href":"https:\/\/tjasadorelay.com\/sl\/wp-json\/wp\/v2\/types\/page"}],"author":[{"embeddable":true,"href":"https:\/\/tjasadorelay.com\/sl\/wp-json\/wp\/v2\/users\/1"}],"replies":[{"embeddable":true,"href":"https:\/\/tjasadorelay.com\/sl\/wp-json\/wp\/v2\/comments?post=6490"}],"version-history":[{"count":16,"href":"https:\/\/tjasadorelay.com\/sl\/wp-json\/wp\/v2\/pages\/6490\/revisions"}],"predecessor-version":[{"id":8876,"href":"https:\/\/tjasadorelay.com\/sl\/wp-json\/wp\/v2\/pages\/6490\/revisions\/8876"}],"wp:attachment":[{"href":"https:\/\/tjasadorelay.com\/sl\/wp-json\/wp\/v2\/media?parent=6490"}],"curies":[{"name":"wp","href":"https:\/\/api.w.org\/{rel}","templated":true}]}}