{"id":6056,"date":"2025-06-01T08:17:36","date_gmt":"2025-06-01T08:17:36","guid":{"rendered":"https:\/\/dorelay-staging.roakon.cloud\/podcast\/"},"modified":"2026-04-17T12:26:27","modified_gmt":"2026-04-17T12:26:27","slug":"videoknjiznica","status":"publish","type":"page","link":"https:\/\/tjasadorelay.com\/sl\/videoknjiznica\/","title":{"rendered":"Podcast"},"content":{"rendered":"\t\t<div data-elementor-type=\"wp-page\" data-elementor-id=\"6056\" class=\"elementor elementor-6056 elementor-1182\" data-elementor-post-type=\"page\">\n\t\t\t\t<div class=\"elementor-element elementor-element-3bf8837 e-flex e-con-boxed e-con e-parent\" data-id=\"3bf8837\" data-element_type=\"container\" data-e-type=\"container\">\n\t\t\t\t\t<div class=\"e-con-inner\">\n\t\t\t\t<div class=\"elementor-element elementor-element-5005e3f elementor-widget elementor-widget-podcast_archive\" data-id=\"5005e3f\" data-element_type=\"widget\" data-e-type=\"widget\" data-widget_type=\"podcast_archive.default\">\n\t\t\t\t<div class=\"elementor-widget-container\">\n\t\t\t\t\t        <div id=\"podcast-archive-5005e3f\" \r\n             class=\"podcast-archive-container\"\r\n             data-api-url=\"https:\/\/dorelay-membership.roakon.cloud\"\r\n             data-enable-spa=\"yes\"\r\n             data-items-per-page=\"12\"\r\n             data-show-category-filter=\"yes\"\r\n             data-show-search=\"yes\"\r\n             data-grid-columns=\"3\"\r\n             data-show-related-episodes=\"yes\"\r\n             data-auto-play-next=\"\"\r\n             data-archive-title=\"Videoknji\u017enica\"\r\n             data-header-text=\"Ima\u0161 vpra\u0161anja o \u017eivljenju, na katera \u0161e nisi dobil odgovorov? I\u0161\u010de\u0161 jasnost za svoje \u017eivljenje? Si na pravem mestu!\n\nMedij Tja\u0161a Dorelay ti s Tehnologijo Celestialnega kanaliziranja prina\u0161a natan\u010dne in prakti\u010dne odgovore na vsa tvoja \u017eivljenjska vpra\u0161anja, da raz\u0161iri\u0161 svojo zavest in zase manifestira\u0161 svoje najbolj\u0161e \u017eivljenje!\"\r\n             data-language=\"si\">\r\n            \r\n            <!-- Loading state -->\r\n            <div class=\"loading-overlay\">\r\n                <div class=\"spinner\"><\/div>\r\n                <p>Loading podcasts...<\/p>\r\n            <\/div>\r\n        <\/div>\r\n\r\n        <script>\r\n            (function() {\r\n                \/\/ Wait for the component to be loaded\r\n                function initPodcastArchive() {\r\n                    if (typeof window.PodcastArchiveComponent !== 'undefined') {\r\n                        const container = document.getElementById('podcast-archive-5005e3f');\r\n                        if (container) {\r\n                            const props = {\r\n                                apiUrl: container.dataset.apiUrl,\r\n                                itemsPerPage: parseInt(container.dataset.itemsPerPage),\r\n                                showCategoryFilter: container.dataset.showCategoryFilter === 'yes',\r\n                                showSearch: container.dataset.showSearch === 'yes',\r\n                                gridColumns: parseInt(container.dataset.gridColumns),\r\n                                showRelatedEpisodes: container.dataset.showRelatedEpisodes === 'yes',\r\n                                autoPlayNext: container.dataset.autoPlayNext === 'yes',\r\n                                archiveTitle: container.dataset.archiveTitle || 'Instant Clarity Podcast',\r\n                                headerText: container.dataset.headerText || '',\r\n                                language: container.dataset.language || 'en'\r\n                            };\r\n                            \r\n                            window.PodcastArchiveComponent.render(container, props);\r\n                        }\r\n                    } else {\r\n                        setTimeout(initPodcastArchive, 100);\r\n                    }\r\n                }\r\n                \r\n                if (document.readyState === 'loading') {\r\n                    document.addEventListener('DOMContentLoaded', initPodcastArchive);\r\n                } else {\r\n                    initPodcastArchive();\r\n                }\r\n            })();\r\n        <\/script>\r\n        \t\t\t\t<\/div>\n\t\t\t\t<\/div>\n\t\t\t\t\t<\/div>\n\t\t\t\t<\/div>\n\t\t\t\t<\/div>\n\t\t","protected":false},"excerpt":{"rendered":"<p>Loading podcasts&#8230;<\/p>\n","protected":false},"author":1,"featured_media":0,"parent":0,"menu_order":0,"comment_status":"closed","ping_status":"closed","template":"elementor_header_footer","meta":{"_acf_changed":false,"footnotes":""},"class_list":["post-6056","page","type-page","status-publish","hentry"],"acf":[],"yoast_head":"<!-- This site is optimized with the Yoast SEO plugin v27.3 - https:\/\/yoast.com\/product\/yoast-seo-wordpress\/ -->\n<title>Podcast - Ime bloga<\/title>\n<meta name=\"robots\" content=\"noindex, follow, max-snippet:-1, max-image-preview:large, max-video-preview:-1\" \/>\n<meta property=\"og:locale\" content=\"sl_SI\" \/>\n<meta property=\"og:type\" content=\"article\" \/>\n<meta property=\"og:title\" content=\"Podcast - Ime bloga\" \/>\n<meta property=\"og:description\" content=\"Loading podcasts&#8230;\" \/>\n<meta property=\"og:url\" content=\"https:\/\/tjasadorelay.com\/sl\/videoknjiznica\/\" \/>\n<meta property=\"og:site_name\" content=\"Ime bloga\" \/>\n<meta property=\"article:modified_time\" content=\"2026-04-17T12:26:27+00:00\" \/>\n<meta name=\"twitter:card\" content=\"summary_large_image\" \/>\n<meta name=\"twitter:label1\" content=\"Est. reading time\" \/>\n\t<meta name=\"twitter:data1\" content=\"13 minut\" \/>\n<script type=\"application\/ld+json\" class=\"yoast-schema-graph\">{\"@context\":\"https:\\\/\\\/schema.org\",\"@graph\":[{\"@type\":\"WebPage\",\"@id\":\"https:\\\/\\\/tjasadorelay.com\\\/sl\\\/videoknjiznica\\\/\",\"url\":\"https:\\\/\\\/tjasadorelay.com\\\/sl\\\/videoknjiznica\\\/\",\"name\":\"Podcast - Ime bloga\",\"isPartOf\":{\"@id\":\"https:\\\/\\\/tjasadorelay.com\\\/#website\"},\"datePublished\":\"2025-06-01T08:17:36+00:00\",\"dateModified\":\"2026-04-17T12:26:27+00:00\",\"breadcrumb\":{\"@id\":\"https:\\\/\\\/tjasadorelay.com\\\/sl\\\/videoknjiznica\\\/#breadcrumb\"},\"inLanguage\":\"sl-SI\",\"potentialAction\":[{\"@type\":\"ReadAction\",\"target\":[\"https:\\\/\\\/tjasadorelay.com\\\/sl\\\/videoknjiznica\\\/\"]}]},{\"@type\":\"BreadcrumbList\",\"@id\":\"https:\\\/\\\/tjasadorelay.com\\\/sl\\\/videoknjiznica\\\/#breadcrumb\",\"itemListElement\":[{\"@type\":\"ListItem\",\"position\":1,\"name\":\"Home\",\"item\":\"https:\\\/\\\/tjasadorelay.com\\\/sl\\\/\"},{\"@type\":\"ListItem\",\"position\":2,\"name\":\"Podcast\"}]},{\"@type\":\"WebSite\",\"@id\":\"https:\\\/\\\/tjasadorelay.com\\\/#website\",\"url\":\"https:\\\/\\\/tjasadorelay.com\\\/\",\"name\":\"Tja\u0161a Dorelay\",\"description\":\"\",\"publisher\":{\"@id\":\"https:\\\/\\\/tjasadorelay.com\\\/#organization\"},\"potentialAction\":[{\"@type\":\"SearchAction\",\"target\":{\"@type\":\"EntryPoint\",\"urlTemplate\":\"https:\\\/\\\/tjasadorelay.com\\\/?s={search_term_string}\"},\"query-input\":{\"@type\":\"PropertyValueSpecification\",\"valueRequired\":true,\"valueName\":\"search_term_string\"}}],\"inLanguage\":\"sl-SI\"},{\"@type\":\"Organization\",\"@id\":\"https:\\\/\\\/tjasadorelay.com\\\/#organization\",\"name\":\"Tja\u0161a Dorelay\",\"url\":\"https:\\\/\\\/tjasadorelay.com\\\/\",\"logo\":{\"@type\":\"ImageObject\",\"inLanguage\":\"sl-SI\",\"@id\":\"https:\\\/\\\/tjasadorelay.com\\\/#\\\/schema\\\/logo\\\/image\\\/\",\"url\":\"https:\\\/\\\/tjasadorelay.com\\\/wp-content\\\/uploads\\\/2026\\\/03\\\/cropped-Favicon-1.png\",\"contentUrl\":\"https:\\\/\\\/tjasadorelay.com\\\/wp-content\\\/uploads\\\/2026\\\/03\\\/cropped-Favicon-1.png\",\"width\":512,\"height\":512,\"caption\":\"Tja\u0161a Dorelay\"},\"image\":{\"@id\":\"https:\\\/\\\/tjasadorelay.com\\\/#\\\/schema\\\/logo\\\/image\\\/\"}}]}<\/script>\n<!-- \/ Yoast SEO plugin. -->","yoast_head_json":{"title":"Podcast - Ime bloga","robots":{"index":"noindex","follow":"follow","max-snippet":"max-snippet:-1","max-image-preview":"max-image-preview:large","max-video-preview":"max-video-preview:-1"},"og_locale":"sl_SI","og_type":"article","og_title":"Podcast - Ime bloga","og_description":"Loading podcasts&#8230;","og_url":"https:\/\/tjasadorelay.com\/sl\/videoknjiznica\/","og_site_name":"Ime bloga","article_modified_time":"2026-04-17T12:26:27+00:00","twitter_card":"summary_large_image","twitter_misc":{"Est. reading time":"13 minut"},"schema":{"@context":"https:\/\/schema.org","@graph":[{"@type":"WebPage","@id":"https:\/\/tjasadorelay.com\/sl\/videoknjiznica\/","url":"https:\/\/tjasadorelay.com\/sl\/videoknjiznica\/","name":"Podcast - Ime bloga","isPartOf":{"@id":"https:\/\/tjasadorelay.com\/#website"},"datePublished":"2025-06-01T08:17:36+00:00","dateModified":"2026-04-17T12:26:27+00:00","breadcrumb":{"@id":"https:\/\/tjasadorelay.com\/sl\/videoknjiznica\/#breadcrumb"},"inLanguage":"sl-SI","potentialAction":[{"@type":"ReadAction","target":["https:\/\/tjasadorelay.com\/sl\/videoknjiznica\/"]}]},{"@type":"BreadcrumbList","@id":"https:\/\/tjasadorelay.com\/sl\/videoknjiznica\/#breadcrumb","itemListElement":[{"@type":"ListItem","position":1,"name":"Home","item":"https:\/\/tjasadorelay.com\/sl\/"},{"@type":"ListItem","position":2,"name":"Podcast"}]},{"@type":"WebSite","@id":"https:\/\/tjasadorelay.com\/#website","url":"https:\/\/tjasadorelay.com\/","name":"Tja\u0161a Dorelay","description":"","publisher":{"@id":"https:\/\/tjasadorelay.com\/#organization"},"potentialAction":[{"@type":"SearchAction","target":{"@type":"EntryPoint","urlTemplate":"https:\/\/tjasadorelay.com\/?s={search_term_string}"},"query-input":{"@type":"PropertyValueSpecification","valueRequired":true,"valueName":"search_term_string"}}],"inLanguage":"sl-SI"},{"@type":"Organization","@id":"https:\/\/tjasadorelay.com\/#organization","name":"Tja\u0161a Dorelay","url":"https:\/\/tjasadorelay.com\/","logo":{"@type":"ImageObject","inLanguage":"sl-SI","@id":"https:\/\/tjasadorelay.com\/#\/schema\/logo\/image\/","url":"https:\/\/tjasadorelay.com\/wp-content\/uploads\/2026\/03\/cropped-Favicon-1.png","contentUrl":"https:\/\/tjasadorelay.com\/wp-content\/uploads\/2026\/03\/cropped-Favicon-1.png","width":512,"height":512,"caption":"Tja\u0161a Dorelay"},"image":{"@id":"https:\/\/tjasadorelay.com\/#\/schema\/logo\/image\/"}}]}},"_links":{"self":[{"href":"https:\/\/tjasadorelay.com\/sl\/wp-json\/wp\/v2\/pages\/6056","targetHints":{"allow":["GET"]}}],"collection":[{"href":"https:\/\/tjasadorelay.com\/sl\/wp-json\/wp\/v2\/pages"}],"about":[{"href":"https:\/\/tjasadorelay.com\/sl\/wp-json\/wp\/v2\/types\/page"}],"author":[{"embeddable":true,"href":"https:\/\/tjasadorelay.com\/sl\/wp-json\/wp\/v2\/users\/1"}],"replies":[{"embeddable":true,"href":"https:\/\/tjasadorelay.com\/sl\/wp-json\/wp\/v2\/comments?post=6056"}],"version-history":[{"count":10,"href":"https:\/\/tjasadorelay.com\/sl\/wp-json\/wp\/v2\/pages\/6056\/revisions"}],"predecessor-version":[{"id":7813,"href":"https:\/\/tjasadorelay.com\/sl\/wp-json\/wp\/v2\/pages\/6056\/revisions\/7813"}],"wp:attachment":[{"href":"https:\/\/tjasadorelay.com\/sl\/wp-json\/wp\/v2\/media?parent=6056"}],"curies":[{"name":"wp","href":"https:\/\/api.w.org\/{rel}","templated":true}]}}