{"id":5336,"date":"2026-03-05T07:31:57","date_gmt":"2026-03-05T07:31:57","guid":{"rendered":"https:\/\/dorelay-staging.roakon.cloud\/individualno-kanaliranje\/"},"modified":"2026-04-16T19:00:38","modified_gmt":"2026-04-16T19:00:38","slug":"individualno-kanaliziranje","status":"publish","type":"page","link":"https:\/\/tjasadorelay.com\/sl\/individualno-kanaliziranje\/","title":{"rendered":"Individualno Celestialno Kanaliziranje"},"content":{"rendered":"\t\t<div data-elementor-type=\"wp-page\" data-elementor-id=\"5336\" class=\"elementor elementor-5336 elementor-4354\" data-elementor-post-type=\"page\">\n\t\t\t\t<div class=\"elementor-element elementor-element-1742891 e-con-full e-flex e-con e-parent\" data-id=\"1742891\" data-element_type=\"container\" data-e-type=\"container\">\n\t\t\t\t<div class=\"elementor-element elementor-element-5f97010 elementor-widget elementor-widget-image\" data-id=\"5f97010\" data-element_type=\"widget\" data-e-type=\"widget\" data-widget_type=\"image.default\">\n\t\t\t\t<div class=\"elementor-widget-container\">\n\t\t\t\t\t\t\t\t\t\t\t\t\t\t\t<img fetchpriority=\"high\" decoding=\"async\" width=\"2560\" height=\"1051\" src=\"https:\/\/tjasadorelay.com\/wp-content\/uploads\/2026\/04\/TjasaDorelay_CCT-page_www.tjasadorelay.com_03-scaled.png\" class=\"attachment-full size-full wp-image-6530\" alt=\"\" srcset=\"https:\/\/tjasadorelay.com\/wp-content\/uploads\/2026\/04\/TjasaDorelay_CCT-page_www.tjasadorelay.com_03-scaled.png 2560w, https:\/\/tjasadorelay.com\/wp-content\/uploads\/2026\/04\/TjasaDorelay_CCT-page_www.tjasadorelay.com_03-300x123.png 300w, https:\/\/tjasadorelay.com\/wp-content\/uploads\/2026\/04\/TjasaDorelay_CCT-page_www.tjasadorelay.com_03-1024x421.png 1024w, https:\/\/tjasadorelay.com\/wp-content\/uploads\/2026\/04\/TjasaDorelay_CCT-page_www.tjasadorelay.com_03-768x315.png 768w, https:\/\/tjasadorelay.com\/wp-content\/uploads\/2026\/04\/TjasaDorelay_CCT-page_www.tjasadorelay.com_03-1536x631.png 1536w, https:\/\/tjasadorelay.com\/wp-content\/uploads\/2026\/04\/TjasaDorelay_CCT-page_www.tjasadorelay.com_03-2048x841.png 2048w, https:\/\/tjasadorelay.com\/wp-content\/uploads\/2026\/04\/TjasaDorelay_CCT-page_www.tjasadorelay.com_03-600x246.png 600w\" sizes=\"(max-width: 2560px) 100vw, 2560px\" \/>\t\t\t\t\t\t\t\t\t\t\t\t\t\t\t<\/div>\n\t\t\t\t<\/div>\n\t\t\t\t<\/div>\n\t\t<div class=\"elementor-element elementor-element-d9efe42 e-flex e-con-boxed e-con e-parent\" data-id=\"d9efe42\" data-element_type=\"container\" data-e-type=\"container\">\n\t\t\t\t\t<div class=\"e-con-inner\">\n\t\t<div class=\"elementor-element elementor-element-41b09c0 e-con-full e-flex e-con e-child\" data-id=\"41b09c0\" data-element_type=\"container\" data-e-type=\"container\">\n\t\t\t\t<div class=\"elementor-element elementor-element-6b2fa2b elementor-widget elementor-widget-text-editor\" data-id=\"6b2fa2b\" data-element_type=\"widget\" data-e-type=\"widget\" data-widget_type=\"text-editor.default\">\n\t\t\t\t<div class=\"elementor-widget-container\">\n\t\t\t\t\t\t\t\t\t<p><span style=\"color: #5fc3d2;\">Individualno Celestialno Kanaliziranje<\/span> s Tja\u0161o Dorelay<\/p>\t\t\t\t\t\t\t\t<\/div>\n\t\t\t\t<\/div>\n\t\t\t\t<\/div>\n\t\t<div class=\"elementor-element elementor-element-8bc116e e-con-full e-flex e-con e-child\" data-id=\"8bc116e\" data-element_type=\"container\" data-e-type=\"container\">\n\t\t\t\t<div class=\"elementor-element elementor-element-fd94cd3 elementor-align-left elementor-widget-mobile__width-inherit elementor-mobile-align-justify elementor-widget elementor-widget-button\" data-id=\"fd94cd3\" data-element_type=\"widget\" data-e-type=\"widget\" data-widget_type=\"button.default\">\n\t\t\t\t<div class=\"elementor-widget-container\">\n\t\t\t\t\t\t\t\t\t<div class=\"elementor-button-wrapper\">\n\t\t\t\t\t<a class=\"elementor-button elementor-button-link elementor-size-sm\" href=\"#elementor-action%3Aaction%3Dpopup%3Aopen%26settings%3DeyJpZCI6NjQ1MywidG9nZ2xlIjpmYWxzZX0%3D\">\n\t\t\t\t\t\t<span class=\"elementor-button-content-wrapper\">\n\t\t\t\t\t\t\t\t\t<span class=\"elementor-button-text\">Sveta izku\u0161nja \u010daka nate<\/span>\n\t\t\t\t\t<\/span>\n\t\t\t\t\t<\/a>\n\t\t\t\t<\/div>\n\t\t\t\t\t\t\t\t<\/div>\n\t\t\t\t<\/div>\n\t\t\t\t<\/div>\n\t\t\t\t\t<\/div>\n\t\t\t\t<\/div>\n\t\t<div class=\"elementor-element elementor-element-b6b9229 e-flex e-con-boxed e-con e-parent\" data-id=\"b6b9229\" data-element_type=\"container\" data-e-type=\"container\">\n\t\t\t\t\t<div class=\"e-con-inner\">\n\t\t<div class=\"elementor-element elementor-element-a879659 e-con-full e-flex e-con e-child\" data-id=\"a879659\" data-element_type=\"container\" data-e-type=\"container\">\n\t\t\t\t<div class=\"elementor-element elementor-element-1e4a6ae elementor-widget__width-initial elementor-widget-mobile__width-inherit elementor-widget elementor-widget-text-editor\" data-id=\"1e4a6ae\" data-element_type=\"widget\" data-e-type=\"widget\" data-widget_type=\"text-editor.default\">\n\t\t\t\t<div class=\"elementor-widget-container\">\n\t\t\t\t\t\t\t\t\t<p><span style=\"color: #5fc3d2;\">Ali si zavestni vodja, vizionar,<\/span> ki \u017eeli pustiti trajen pe\u010dat v svetu?<\/p>\t\t\t\t\t\t\t\t<\/div>\n\t\t\t\t<\/div>\n\t\t\t\t<div class=\"elementor-element elementor-element-4cf1d4c elementor-widget__width-initial elementor-widget-mobile__width-inherit elementor-widget elementor-widget-text-editor\" data-id=\"4cf1d4c\" data-element_type=\"widget\" data-e-type=\"widget\" data-widget_type=\"text-editor.default\">\n\t\t\t\t<div class=\"elementor-widget-container\">\n\t\t\t\t\t\t\t\t\t<p><strong>\u017deli\u0161 prejeti jasnost, direktno iz Univerzalne zavesti <\/strong>(prostor v vesolju, kjer se nahajajo vse informacije in odgovori) in te zanima, kako <strong>uresni\u010di\u0161 svoje najvi\u0161je vizije<\/strong> ter isto\u010dasno do\u017eivlja\u0161 <strong>izpolnjujo\u010de zasebno \u017eivljenje?<\/strong><\/p>\t\t\t\t\t\t\t\t<\/div>\n\t\t\t\t<\/div>\n\t\t\t\t<div class=\"elementor-element elementor-element-dd0f64a elementor-widget__width-initial elementor-widget-mobile__width-initial elementor-widget elementor-widget-text-editor\" data-id=\"dd0f64a\" data-element_type=\"widget\" data-e-type=\"widget\" data-widget_type=\"text-editor.default\">\n\t\t\t\t<div class=\"elementor-widget-container\">\n\t\t\t\t\t\t\t\t\t<p><span style=\"color: #5fc3d2;\">Tja\u0161a Dorelay vsako leto odpre nekaj mest za 1:1<\/span> individualno Celestialno Kanaliziranje.<\/p>\t\t\t\t\t\t\t\t<\/div>\n\t\t\t\t<\/div>\n\t\t\t\t<div class=\"elementor-element elementor-element-fb9c508 elementor-widget__width-initial elementor-widget-mobile__width-inherit elementor-widget elementor-widget-text-editor\" data-id=\"fb9c508\" data-element_type=\"widget\" data-e-type=\"widget\" data-widget_type=\"text-editor.default\">\n\t\t\t\t<div class=\"elementor-widget-container\">\n\t\t\t\t\t\t\t\t\t<p>Eno je lahko tvoje.<\/p>\t\t\t\t\t\t\t\t<\/div>\n\t\t\t\t<\/div>\n\t\t\t\t<div class=\"elementor-element elementor-element-4d83d54 elementor-widget elementor-widget-image\" data-id=\"4d83d54\" data-element_type=\"widget\" data-e-type=\"widget\" data-widget_type=\"image.default\">\n\t\t\t\t<div class=\"elementor-widget-container\">\n\t\t\t\t\t\t\t\t\t\t\t\t\t\t\t<img decoding=\"async\" width=\"960\" height=\"640\" src=\"https:\/\/tjasadorelay.com\/wp-content\/uploads\/2026\/04\/2025_11_TjasaDorelay_Ljubljana-pri-spomeniku-nove_36-1024x683.jpg\" class=\"attachment-large size-large wp-image-6529\" alt=\"\" srcset=\"https:\/\/tjasadorelay.com\/wp-content\/uploads\/2026\/04\/2025_11_TjasaDorelay_Ljubljana-pri-spomeniku-nove_36-1024x683.jpg 1024w, https:\/\/tjasadorelay.com\/wp-content\/uploads\/2026\/04\/2025_11_TjasaDorelay_Ljubljana-pri-spomeniku-nove_36-300x200.jpg 300w, https:\/\/tjasadorelay.com\/wp-content\/uploads\/2026\/04\/2025_11_TjasaDorelay_Ljubljana-pri-spomeniku-nove_36-768x512.jpg 768w, https:\/\/tjasadorelay.com\/wp-content\/uploads\/2026\/04\/2025_11_TjasaDorelay_Ljubljana-pri-spomeniku-nove_36-1536x1024.jpg 1536w, https:\/\/tjasadorelay.com\/wp-content\/uploads\/2026\/04\/2025_11_TjasaDorelay_Ljubljana-pri-spomeniku-nove_36-600x400.jpg 600w, https:\/\/tjasadorelay.com\/wp-content\/uploads\/2026\/04\/2025_11_TjasaDorelay_Ljubljana-pri-spomeniku-nove_36.jpg 2048w\" sizes=\"(max-width: 960px) 100vw, 960px\" \/>\t\t\t\t\t\t\t\t\t\t\t\t\t\t\t<\/div>\n\t\t\t\t<\/div>\n\t\t<div class=\"elementor-element elementor-element-8ef1241 e-con-full e-flex e-con e-child\" data-id=\"8ef1241\" data-element_type=\"container\" data-e-type=\"container\">\n\t\t\t\t<div class=\"elementor-element elementor-element-8c8b98e elementor-widget-mobile__width-inherit elementor-widget elementor-widget-text-editor\" data-id=\"8c8b98e\" data-element_type=\"widget\" data-e-type=\"widget\" data-widget_type=\"text-editor.default\">\n\t\t\t\t<div class=\"elementor-widget-container\">\n\t\t\t\t\t\t\t\t\t<p>Kaj je Celestialno Kanaliziranje?<\/p>\t\t\t\t\t\t\t\t<\/div>\n\t\t\t\t<\/div>\n\t\t\t\t<div class=\"elementor-element elementor-element-fc10a44 elementor-widget-mobile__width-inherit elementor-widget elementor-widget-text-editor\" data-id=\"fc10a44\" data-element_type=\"widget\" data-e-type=\"widget\" data-widget_type=\"text-editor.default\">\n\t\t\t\t<div class=\"elementor-widget-container\">\n\t\t\t\t\t\t\t\t\t<p>Individualno kanaliziranje s Tja\u0161o Dorelay je <strong><span style=\"color: #5fc3d2;\">edinstvena izku\u0161nja, ki premakne tvojo zavest in ti spremeni \u017eivljenje. <\/span><\/strong><\/p>\t\t\t\t\t\t\t\t<\/div>\n\t\t\t\t<\/div>\n\t\t\t\t<div class=\"elementor-element elementor-element-fa8ba1d elementor-widget-mobile__width-inherit elementor-widget elementor-widget-text-editor\" data-id=\"fa8ba1d\" data-element_type=\"widget\" data-e-type=\"widget\" data-widget_type=\"text-editor.default\">\n\t\t\t\t<div class=\"elementor-widget-container\">\n\t\t\t\t\t\t\t\t\t<p>Med kanaliziranjem se <strong>Tja\u0161a Dorelay pove\u017ee s tvojim duhovnim vodstvom<\/strong>, ki ti prinese natan\u010dno jasnost za tvoje \u017eivljenjske situacije in vse odgovore na tvoja vpra\u0161anja.<\/p>\t\t\t\t\t\t\t\t<\/div>\n\t\t\t\t<\/div>\n\t\t\t\t<div class=\"elementor-element elementor-element-7b73a08 elementor-widget-mobile__width-inherit elementor-widget elementor-widget-text-editor\" data-id=\"7b73a08\" data-element_type=\"widget\" data-e-type=\"widget\" data-widget_type=\"text-editor.default\">\n\t\t\t\t<div class=\"elementor-widget-container\">\n\t\t\t\t\t\t\t\t\t<p>\u201c\u010cakaj, kaj? Lahko res dobim odgovore na vsa svoja vpra\u0161anja?\u201d<\/p>\t\t\t\t\t\t\t\t<\/div>\n\t\t\t\t<\/div>\n\t\t\t\t<div class=\"elementor-element elementor-element-5c393de elementor-widget-mobile__width-inherit elementor-widget elementor-widget-text-editor\" data-id=\"5c393de\" data-element_type=\"widget\" data-e-type=\"widget\" data-widget_type=\"text-editor.default\">\n\t\t\t\t<div class=\"elementor-widget-container\">\n\t\t\t\t\t\t\t\t\t<p><strong>Ja! Karkoli te zanima, izve\u0161 v kanaliziranju 1:1 <\/strong><\/p>\t\t\t\t\t\t\t\t<\/div>\n\t\t\t\t<\/div>\n\t\t\t\t<div class=\"elementor-element elementor-element-385afc6 elementor-widget-mobile__width-inherit elementor-widget elementor-widget-text-editor\" data-id=\"385afc6\" data-element_type=\"widget\" data-e-type=\"widget\" data-widget_type=\"text-editor.default\">\n\t\t\t\t<div class=\"elementor-widget-container\">\n\t\t\t\t\t\t\t\t\t<p>Na eni strani prejme\u0161 natan\u010den vpogled v *tisti* svoj odnos, na drugi strani pa konkretno vodstvo za svoj naslednji poslovni podvig. Nasveti za zdravje in vitalnost vklju\u010deni. \ud83d\ude42\u00a0<\/p>\t\t\t\t\t\t\t\t<\/div>\n\t\t\t\t<\/div>\n\t\t\t\t<div class=\"elementor-element elementor-element-a52f90a elementor-widget-mobile__width-inherit elementor-widget elementor-widget-text-editor\" data-id=\"a52f90a\" data-element_type=\"widget\" data-e-type=\"widget\" data-widget_type=\"text-editor.default\">\n\t\t\t\t<div class=\"elementor-widget-container\">\n\t\t\t\t\t\t\t\t\t<p>Ta sveta izku\u0161nja ti ponuja prilo\u017enost za <span style=\"color: #5fc3d2;\">mo\u010dno osebno transformacijo<\/span> in raz\u0161iritev tvoje zavesti.<\/p>\t\t\t\t\t\t\t\t<\/div>\n\t\t\t\t<\/div>\n\t\t\t\t<div class=\"elementor-element elementor-element-110dc59 elementor-widget-mobile__width-inherit elementor-widget elementor-widget-text-editor\" data-id=\"110dc59\" data-element_type=\"widget\" data-e-type=\"widget\" data-widget_type=\"text-editor.default\">\n\t\t\t\t<div class=\"elementor-widget-container\">\n\t\t\t\t\t\t\t\t\t<p>Individualno Celestialno Kanaliziranje je ena najbolj ljube\u010dih, so\u010dutnih in hkrati transformativnih izku\u0161enj, ki jih lahko do\u017eivi\u0161 v tem \u017eivljenju.<\/p>\t\t\t\t\t\t\t\t<\/div>\n\t\t\t\t<\/div>\n\t\t\t\t<\/div>\n\t\t\t\t<div class=\"elementor-element elementor-element-c25d54a elementor-align-left elementor-widget elementor-widget-button\" data-id=\"c25d54a\" data-element_type=\"widget\" data-e-type=\"widget\" data-widget_type=\"button.default\">\n\t\t\t\t<div class=\"elementor-widget-container\">\n\t\t\t\t\t\t\t\t\t<div class=\"elementor-button-wrapper\">\n\t\t\t\t\t<a class=\"elementor-button elementor-button-link elementor-size-sm\" href=\"#elementor-action%3Aaction%3Dpopup%3Aopen%26settings%3DeyJpZCI6NjQ1MywidG9nZ2xlIjpmYWxzZX0%3D\">\n\t\t\t\t\t\t<span class=\"elementor-button-content-wrapper\">\n\t\t\t\t\t\t\t\t\t<span class=\"elementor-button-text\">Rezerviraj svoje 1:1 kanaliziranje s Tja\u0161o Dorelay<\/span>\n\t\t\t\t\t<\/span>\n\t\t\t\t\t<\/a>\n\t\t\t\t<\/div>\n\t\t\t\t\t\t\t\t<\/div>\n\t\t\t\t<\/div>\n\t\t\t\t<\/div>\n\t\t\t\t\t<\/div>\n\t\t\t\t<\/div>\n\t\t<div class=\"elementor-element elementor-element-f8b7903 e-flex e-con-boxed e-con e-parent\" data-id=\"f8b7903\" data-element_type=\"container\" data-e-type=\"container\">\n\t\t\t\t\t<div class=\"e-con-inner\">\n\t\t<div class=\"elementor-element elementor-element-bbbcae9 e-con-full e-flex e-con e-child\" data-id=\"bbbcae9\" data-element_type=\"container\" data-e-type=\"container\" data-settings=\"{&quot;background_background&quot;:&quot;classic&quot;}\">\n\t\t<div class=\"elementor-element elementor-element-93620b5 e-con-full e-flex e-con e-child\" data-id=\"93620b5\" data-element_type=\"container\" data-e-type=\"container\" data-settings=\"{&quot;background_background&quot;:&quot;classic&quot;}\">\n\t\t\t\t<div class=\"elementor-element elementor-element-bcf96c2 elementor-widget__width-initial elementor-widget elementor-widget-heading\" data-id=\"bcf96c2\" data-element_type=\"widget\" data-e-type=\"widget\" data-widget_type=\"heading.default\">\n\t\t\t\t<div class=\"elementor-widget-container\">\n\t\t\t\t\t<h2 class=\"elementor-heading-title elementor-size-default\">Individualno <span style=\"color: #5FC3D2;text-decoration:none\">Celestialno Kanaliziranje<\/span> s Tja\u0161o Dorelay\n<\/h2>\t\t\t\t<\/div>\n\t\t\t\t<\/div>\n\t\t\t\t<div class=\"elementor-element elementor-element-8d1fdab elementor-widget elementor-widget-text-editor\" data-id=\"8d1fdab\" data-element_type=\"widget\" data-e-type=\"widget\" data-widget_type=\"text-editor.default\">\n\t\t\t\t<div class=\"elementor-widget-container\">\n\t\t\t\t\t\t\t\t\t<p>Izpolni vpra\u0161alnik, da se spoznamo in preverimo skladnost.<\/p>\t\t\t\t\t\t\t\t<\/div>\n\t\t\t\t<\/div>\n\t\t\t\t<div class=\"elementor-element elementor-element-bc5f805 elementor-align-justify elementor-widget-mobile__width-initial elementor-widget__width-initial elementor-mobile-align-justify elementor-widget elementor-widget-button\" data-id=\"bc5f805\" data-element_type=\"widget\" data-e-type=\"widget\" data-widget_type=\"button.default\">\n\t\t\t\t<div class=\"elementor-widget-container\">\n\t\t\t\t\t\t\t\t\t<div class=\"elementor-button-wrapper\">\n\t\t\t\t\t<a class=\"elementor-button elementor-button-link elementor-size-sm\" href=\"#elementor-action%3Aaction%3Dpopup%3Aopen%26settings%3DeyJpZCI6NjQ1MywidG9nZ2xlIjpmYWxzZX0%3D\">\n\t\t\t\t\t\t<span class=\"elementor-button-content-wrapper\">\n\t\t\t\t\t\t\t\t\t<span class=\"elementor-button-text\">Vpra\u0161alnik<\/span>\n\t\t\t\t\t<\/span>\n\t\t\t\t\t<\/a>\n\t\t\t\t<\/div>\n\t\t\t\t\t\t\t\t<\/div>\n\t\t\t\t<\/div>\n\t\t\t\t<\/div>\n\t\t\t\t<\/div>\n\t\t\t\t\t<\/div>\n\t\t\t\t<\/div>\n\t\t\t\t<\/div>\n\t\t","protected":false},"excerpt":{"rendered":"<p>Individualno Celestialno Kanaliziranje s Tja\u0161o Dorelay Sveta izku\u0161nja \u010daka nate Ali si zavestni vodja, vizionar, ki \u017eeli pustiti trajen pe\u010dat v svetu? \u017deli\u0161 prejeti jasnost, direktno iz Univerzalne zavesti (prostor v vesolju, kjer se nahajajo vse informacije in odgovori) in te zanima, kako uresni\u010di\u0161 svoje najvi\u0161je vizije ter isto\u010dasno do\u017eivlja\u0161 izpolnjujo\u010de zasebno \u017eivljenje? Tja\u0161a Dorelay [&hellip;]<\/p>\n","protected":false},"author":1,"featured_media":0,"parent":0,"menu_order":0,"comment_status":"closed","ping_status":"closed","template":"elementor_header_footer","meta":{"_acf_changed":false,"footnotes":""},"class_list":["post-5336","page","type-page","status-publish","hentry"],"acf":[],"yoast_head":"<!-- This site is optimized with the Yoast SEO plugin v27.3 - https:\/\/yoast.com\/product\/yoast-seo-wordpress\/ -->\n<title>Individualno Celestialno Kanaliziranje - Ime bloga<\/title>\n<meta name=\"robots\" content=\"noindex, follow, max-snippet:-1, max-image-preview:large, max-video-preview:-1\" \/>\n<meta property=\"og:locale\" content=\"sl_SI\" \/>\n<meta property=\"og:type\" content=\"article\" \/>\n<meta property=\"og:title\" content=\"Individualno Celestialno Kanaliziranje - Ime bloga\" \/>\n<meta property=\"og:description\" content=\"Individualno Celestialno Kanaliziranje s Tja\u0161o Dorelay Sveta izku\u0161nja \u010daka nate Ali si zavestni vodja, vizionar, ki \u017eeli pustiti trajen pe\u010dat v svetu? \u017deli\u0161 prejeti jasnost, direktno iz Univerzalne zavesti (prostor v vesolju, kjer se nahajajo vse informacije in odgovori) in te zanima, kako uresni\u010di\u0161 svoje najvi\u0161je vizije ter isto\u010dasno do\u017eivlja\u0161 izpolnjujo\u010de zasebno \u017eivljenje? Tja\u0161a Dorelay [&hellip;]\" \/>\n<meta property=\"og:url\" content=\"https:\/\/tjasadorelay.com\/sl\/individualno-kanaliziranje\/\" \/>\n<meta property=\"og:site_name\" content=\"Ime bloga\" \/>\n<meta property=\"article:modified_time\" content=\"2026-04-16T19:00:38+00:00\" \/>\n<meta property=\"og:image\" content=\"https:\/\/tjasadorelay.com\/wp-content\/uploads\/2026\/04\/TjasaDorelay_CCT-page_www.tjasadorelay.com_03-scaled.png\" \/>\n<meta name=\"twitter:card\" content=\"summary_large_image\" \/>\n<meta name=\"twitter:label1\" content=\"Est. reading time\" \/>\n\t<meta name=\"twitter:data1\" content=\"2 minuti\" \/>\n<script type=\"application\/ld+json\" class=\"yoast-schema-graph\">{\"@context\":\"https:\\\/\\\/schema.org\",\"@graph\":[{\"@type\":\"WebPage\",\"@id\":\"https:\\\/\\\/tjasadorelay.com\\\/sl\\\/individualno-kanaliziranje\\\/\",\"url\":\"https:\\\/\\\/tjasadorelay.com\\\/sl\\\/individualno-kanaliziranje\\\/\",\"name\":\"Individualno Celestialno Kanaliziranje - Ime bloga\",\"isPartOf\":{\"@id\":\"https:\\\/\\\/tjasadorelay.com\\\/#website\"},\"primaryImageOfPage\":{\"@id\":\"https:\\\/\\\/tjasadorelay.com\\\/sl\\\/individualno-kanaliziranje\\\/#primaryimage\"},\"image\":{\"@id\":\"https:\\\/\\\/tjasadorelay.com\\\/sl\\\/individualno-kanaliziranje\\\/#primaryimage\"},\"thumbnailUrl\":\"https:\\\/\\\/tjasadorelay.com\\\/wp-content\\\/uploads\\\/2026\\\/04\\\/TjasaDorelay_CCT-page_www.tjasadorelay.com_03-scaled.png\",\"datePublished\":\"2026-03-05T07:31:57+00:00\",\"dateModified\":\"2026-04-16T19:00:38+00:00\",\"breadcrumb\":{\"@id\":\"https:\\\/\\\/tjasadorelay.com\\\/sl\\\/individualno-kanaliziranje\\\/#breadcrumb\"},\"inLanguage\":\"sl-SI\",\"potentialAction\":[{\"@type\":\"ReadAction\",\"target\":[\"https:\\\/\\\/tjasadorelay.com\\\/sl\\\/individualno-kanaliziranje\\\/\"]}]},{\"@type\":\"ImageObject\",\"inLanguage\":\"sl-SI\",\"@id\":\"https:\\\/\\\/tjasadorelay.com\\\/sl\\\/individualno-kanaliziranje\\\/#primaryimage\",\"url\":\"https:\\\/\\\/tjasadorelay.com\\\/wp-content\\\/uploads\\\/2026\\\/04\\\/TjasaDorelay_CCT-page_www.tjasadorelay.com_03-scaled.png\",\"contentUrl\":\"https:\\\/\\\/tjasadorelay.com\\\/wp-content\\\/uploads\\\/2026\\\/04\\\/TjasaDorelay_CCT-page_www.tjasadorelay.com_03-scaled.png\"},{\"@type\":\"BreadcrumbList\",\"@id\":\"https:\\\/\\\/tjasadorelay.com\\\/sl\\\/individualno-kanaliziranje\\\/#breadcrumb\",\"itemListElement\":[{\"@type\":\"ListItem\",\"position\":1,\"name\":\"Home\",\"item\":\"https:\\\/\\\/tjasadorelay.com\\\/sl\\\/\"},{\"@type\":\"ListItem\",\"position\":2,\"name\":\"Individualno Celestialno Kanaliziranje\"}]},{\"@type\":\"WebSite\",\"@id\":\"https:\\\/\\\/tjasadorelay.com\\\/#website\",\"url\":\"https:\\\/\\\/tjasadorelay.com\\\/\",\"name\":\"Tja\u0161a Dorelay\",\"description\":\"\",\"publisher\":{\"@id\":\"https:\\\/\\\/tjasadorelay.com\\\/#organization\"},\"potentialAction\":[{\"@type\":\"SearchAction\",\"target\":{\"@type\":\"EntryPoint\",\"urlTemplate\":\"https:\\\/\\\/tjasadorelay.com\\\/?s={search_term_string}\"},\"query-input\":{\"@type\":\"PropertyValueSpecification\",\"valueRequired\":true,\"valueName\":\"search_term_string\"}}],\"inLanguage\":\"sl-SI\"},{\"@type\":\"Organization\",\"@id\":\"https:\\\/\\\/tjasadorelay.com\\\/#organization\",\"name\":\"Tja\u0161a Dorelay\",\"url\":\"https:\\\/\\\/tjasadorelay.com\\\/\",\"logo\":{\"@type\":\"ImageObject\",\"inLanguage\":\"sl-SI\",\"@id\":\"https:\\\/\\\/tjasadorelay.com\\\/#\\\/schema\\\/logo\\\/image\\\/\",\"url\":\"https:\\\/\\\/tjasadorelay.com\\\/wp-content\\\/uploads\\\/2026\\\/03\\\/cropped-Favicon-1.png\",\"contentUrl\":\"https:\\\/\\\/tjasadorelay.com\\\/wp-content\\\/uploads\\\/2026\\\/03\\\/cropped-Favicon-1.png\",\"width\":512,\"height\":512,\"caption\":\"Tja\u0161a Dorelay\"},\"image\":{\"@id\":\"https:\\\/\\\/tjasadorelay.com\\\/#\\\/schema\\\/logo\\\/image\\\/\"}}]}<\/script>\n<!-- \/ Yoast SEO plugin. -->","yoast_head_json":{"title":"Individualno Celestialno Kanaliziranje - Ime bloga","robots":{"index":"noindex","follow":"follow","max-snippet":"max-snippet:-1","max-image-preview":"max-image-preview:large","max-video-preview":"max-video-preview:-1"},"og_locale":"sl_SI","og_type":"article","og_title":"Individualno Celestialno Kanaliziranje - Ime bloga","og_description":"Individualno Celestialno Kanaliziranje s Tja\u0161o Dorelay Sveta izku\u0161nja \u010daka nate Ali si zavestni vodja, vizionar, ki \u017eeli pustiti trajen pe\u010dat v svetu? \u017deli\u0161 prejeti jasnost, direktno iz Univerzalne zavesti (prostor v vesolju, kjer se nahajajo vse informacije in odgovori) in te zanima, kako uresni\u010di\u0161 svoje najvi\u0161je vizije ter isto\u010dasno do\u017eivlja\u0161 izpolnjujo\u010de zasebno \u017eivljenje? Tja\u0161a Dorelay [&hellip;]","og_url":"https:\/\/tjasadorelay.com\/sl\/individualno-kanaliziranje\/","og_site_name":"Ime bloga","article_modified_time":"2026-04-16T19:00:38+00:00","og_image":[{"url":"https:\/\/tjasadorelay.com\/wp-content\/uploads\/2026\/04\/TjasaDorelay_CCT-page_www.tjasadorelay.com_03-scaled.png","type":"","width":"","height":""}],"twitter_card":"summary_large_image","twitter_misc":{"Est. reading time":"2 minuti"},"schema":{"@context":"https:\/\/schema.org","@graph":[{"@type":"WebPage","@id":"https:\/\/tjasadorelay.com\/sl\/individualno-kanaliziranje\/","url":"https:\/\/tjasadorelay.com\/sl\/individualno-kanaliziranje\/","name":"Individualno Celestialno Kanaliziranje - Ime bloga","isPartOf":{"@id":"https:\/\/tjasadorelay.com\/#website"},"primaryImageOfPage":{"@id":"https:\/\/tjasadorelay.com\/sl\/individualno-kanaliziranje\/#primaryimage"},"image":{"@id":"https:\/\/tjasadorelay.com\/sl\/individualno-kanaliziranje\/#primaryimage"},"thumbnailUrl":"https:\/\/tjasadorelay.com\/wp-content\/uploads\/2026\/04\/TjasaDorelay_CCT-page_www.tjasadorelay.com_03-scaled.png","datePublished":"2026-03-05T07:31:57+00:00","dateModified":"2026-04-16T19:00:38+00:00","breadcrumb":{"@id":"https:\/\/tjasadorelay.com\/sl\/individualno-kanaliziranje\/#breadcrumb"},"inLanguage":"sl-SI","potentialAction":[{"@type":"ReadAction","target":["https:\/\/tjasadorelay.com\/sl\/individualno-kanaliziranje\/"]}]},{"@type":"ImageObject","inLanguage":"sl-SI","@id":"https:\/\/tjasadorelay.com\/sl\/individualno-kanaliziranje\/#primaryimage","url":"https:\/\/tjasadorelay.com\/wp-content\/uploads\/2026\/04\/TjasaDorelay_CCT-page_www.tjasadorelay.com_03-scaled.png","contentUrl":"https:\/\/tjasadorelay.com\/wp-content\/uploads\/2026\/04\/TjasaDorelay_CCT-page_www.tjasadorelay.com_03-scaled.png"},{"@type":"BreadcrumbList","@id":"https:\/\/tjasadorelay.com\/sl\/individualno-kanaliziranje\/#breadcrumb","itemListElement":[{"@type":"ListItem","position":1,"name":"Home","item":"https:\/\/tjasadorelay.com\/sl\/"},{"@type":"ListItem","position":2,"name":"Individualno Celestialno Kanaliziranje"}]},{"@type":"WebSite","@id":"https:\/\/tjasadorelay.com\/#website","url":"https:\/\/tjasadorelay.com\/","name":"Tja\u0161a Dorelay","description":"","publisher":{"@id":"https:\/\/tjasadorelay.com\/#organization"},"potentialAction":[{"@type":"SearchAction","target":{"@type":"EntryPoint","urlTemplate":"https:\/\/tjasadorelay.com\/?s={search_term_string}"},"query-input":{"@type":"PropertyValueSpecification","valueRequired":true,"valueName":"search_term_string"}}],"inLanguage":"sl-SI"},{"@type":"Organization","@id":"https:\/\/tjasadorelay.com\/#organization","name":"Tja\u0161a Dorelay","url":"https:\/\/tjasadorelay.com\/","logo":{"@type":"ImageObject","inLanguage":"sl-SI","@id":"https:\/\/tjasadorelay.com\/#\/schema\/logo\/image\/","url":"https:\/\/tjasadorelay.com\/wp-content\/uploads\/2026\/03\/cropped-Favicon-1.png","contentUrl":"https:\/\/tjasadorelay.com\/wp-content\/uploads\/2026\/03\/cropped-Favicon-1.png","width":512,"height":512,"caption":"Tja\u0161a Dorelay"},"image":{"@id":"https:\/\/tjasadorelay.com\/#\/schema\/logo\/image\/"}}]}},"_links":{"self":[{"href":"https:\/\/tjasadorelay.com\/sl\/wp-json\/wp\/v2\/pages\/5336","targetHints":{"allow":["GET"]}}],"collection":[{"href":"https:\/\/tjasadorelay.com\/sl\/wp-json\/wp\/v2\/pages"}],"about":[{"href":"https:\/\/tjasadorelay.com\/sl\/wp-json\/wp\/v2\/types\/page"}],"author":[{"embeddable":true,"href":"https:\/\/tjasadorelay.com\/sl\/wp-json\/wp\/v2\/users\/1"}],"replies":[{"embeddable":true,"href":"https:\/\/tjasadorelay.com\/sl\/wp-json\/wp\/v2\/comments?post=5336"}],"version-history":[{"count":45,"href":"https:\/\/tjasadorelay.com\/sl\/wp-json\/wp\/v2\/pages\/5336\/revisions"}],"predecessor-version":[{"id":8486,"href":"https:\/\/tjasadorelay.com\/sl\/wp-json\/wp\/v2\/pages\/5336\/revisions\/8486"}],"wp:attachment":[{"href":"https:\/\/tjasadorelay.com\/sl\/wp-json\/wp\/v2\/media?parent=5336"}],"curies":[{"name":"wp","href":"https:\/\/api.w.org\/{rel}","templated":true}]}}